{"id":6507,"date":"2022-01-07T10:56:44","date_gmt":"2022-01-07T09:56:44","guid":{"rendered":"https:\/\/www.canginibenne.com\/decouvrez-cangini\/"},"modified":"2024-03-11T11:05:53","modified_gmt":"2024-03-11T10:05:53","slug":"decouvrez-cangini","status":"publish","type":"page","link":"https:\/\/www.canginibenne.com\/fr\/decouvrez-cangini\/","title":{"rendered":"D\u00e9couvrez Cangini"},"content":{"rendered":"\t\t<div data-elementor-type=\"wp-page\" data-elementor-id=\"6507\" class=\"elementor elementor-6507 elementor-14\" data-elementor-post-type=\"page\">\n\t\t\t\t\t\t<section class=\"elementor-section elementor-top-section elementor-element elementor-element-b5e7fe9 elementor-section-content-middle elementor-section-stretched elementor-section-boxed elementor-section-height-default elementor-section-height-default\" data-id=\"b5e7fe9\" data-element_type=\"section\" data-e-type=\"section\" data-settings=\"{&quot;stretch_section&quot;:&quot;section-stretched&quot;}\">\n\t\t\t\t\t\t<div class=\"elementor-container elementor-column-gap-default\">\n\t\t\t\t\t<div class=\"elementor-column elementor-col-100 elementor-top-column elementor-element elementor-element-365fb6e\" data-id=\"365fb6e\" data-element_type=\"column\" data-e-type=\"column\">\n\t\t\t<div class=\"elementor-widget-wrap elementor-element-populated\">\n\t\t\t\t\t\t<div class=\"elementor-element elementor-element-3bd2c97 elementor-widget elementor-widget-heading\" data-id=\"3bd2c97\" data-element_type=\"widget\" data-e-type=\"widget\" data-widget_type=\"heading.default\">\n\t\t\t\t<div class=\"elementor-widget-container\">\n\t\t\t\t\t<h1 class=\"elementor-heading-title elementor-size-default\">Exportations dans 40 pays dans le monde<\/h1>\t\t\t\t<\/div>\n\t\t\t\t<\/div>\n\t\t\t\t<div class=\"elementor-element elementor-element-72cc6a8 elementor-widget elementor-widget-image\" data-id=\"72cc6a8\" data-element_type=\"widget\" data-e-type=\"widget\" data-widget_type=\"image.default\">\n\t\t\t\t<div class=\"elementor-widget-container\">\n\t\t\t\t\t\t\t\t\t\t\t\t\t\t\t<img loading=\"lazy\" decoding=\"async\" width=\"1380\" height=\"633\" src=\"https:\/\/b2763731.smushcdn.com\/2763731\/wp-content\/uploads\/2024\/03\/mappa-arancione.png?lossy=1&strip=1&webp=1\" class=\"attachment-full size-full wp-image-93018\" alt=\"\" srcset=\"https:\/\/b2763731.smushcdn.com\/2763731\/wp-content\/uploads\/2024\/03\/mappa-arancione.png?lossy=1&strip=1&webp=1 1380w, https:\/\/b2763731.smushcdn.com\/2763731\/wp-content\/uploads\/2024\/03\/mappa-arancione-300x138.png?lossy=1&strip=1&webp=1 300w, https:\/\/b2763731.smushcdn.com\/2763731\/wp-content\/uploads\/2024\/03\/mappa-arancione-1024x470.png?lossy=1&strip=1&webp=1 1024w, https:\/\/b2763731.smushcdn.com\/2763731\/wp-content\/uploads\/2024\/03\/mappa-arancione-768x352.png?lossy=1&strip=1&webp=1 768w, https:\/\/b2763731.smushcdn.com\/2763731\/wp-content\/uploads\/2024\/03\/mappa-arancione.png?size=409x188&lossy=1&strip=1&webp=1 409w, https:\/\/b2763731.smushcdn.com\/2763731\/wp-content\/uploads\/2024\/03\/mappa-arancione.png?size=819x376&lossy=1&strip=1&webp=1 819w, https:\/\/b2763731.smushcdn.com\/2763731\/wp-content\/uploads\/2024\/03\/mappa-arancione.png?size=1228x563&lossy=1&strip=1&webp=1 1228w\" sizes=\"auto, (max-width: 1380px) 100vw, 1380px\" \/>\t\t\t\t\t\t\t\t\t\t\t\t\t\t\t<\/div>\n\t\t\t\t<\/div>\n\t\t\t\t\t<\/div>\n\t\t<\/div>\n\t\t\t\t\t<\/div>\n\t\t<\/section>\n\t\t\t\t<section class=\"elementor-section elementor-top-section elementor-element elementor-element-9ca7e34 elementor-section-stretched elementor-section-boxed elementor-section-height-default elementor-section-height-default\" data-id=\"9ca7e34\" data-element_type=\"section\" data-e-type=\"section\" data-settings=\"{&quot;stretch_section&quot;:&quot;section-stretched&quot;,&quot;background_background&quot;:&quot;classic&quot;}\">\n\t\t\t\t\t\t\t<div class=\"elementor-background-overlay\"><\/div>\n\t\t\t\t\t\t\t<div class=\"elementor-container elementor-column-gap-default\">\n\t\t\t\t\t<div class=\"elementor-column elementor-col-100 elementor-top-column elementor-element elementor-element-44f955d\" data-id=\"44f955d\" data-element_type=\"column\" data-e-type=\"column\">\n\t\t\t<div class=\"elementor-widget-wrap elementor-element-populated\">\n\t\t\t\t\t\t<div class=\"elementor-element elementor-element-3859946 elementor-widget elementor-widget-heading\" data-id=\"3859946\" data-element_type=\"widget\" data-e-type=\"widget\" data-widget_type=\"heading.default\">\n\t\t\t\t<div class=\"elementor-widget-container\">\n\t\t\t\t\t<h1 class=\"elementor-heading-title elementor-size-default\">\nNOUS CONCEVONS DES EXP\u00c9RIENCES AUTOUR DE NOS VALEURS D\u2019ENTREPRISE<\/h1>\t\t\t\t<\/div>\n\t\t\t\t<\/div>\n\t\t\t\t<section class=\"elementor-section elementor-inner-section elementor-element elementor-element-ed2e564 elementor-section-boxed elementor-section-height-default elementor-section-height-default\" data-id=\"ed2e564\" data-element_type=\"section\" data-e-type=\"section\">\n\t\t\t\t\t\t<div class=\"elementor-container elementor-column-gap-default\">\n\t\t\t\t\t<div class=\"elementor-column elementor-col-33 elementor-inner-column elementor-element elementor-element-0a03394\" data-id=\"0a03394\" data-element_type=\"column\" data-e-type=\"column\">\n\t\t\t<div class=\"elementor-widget-wrap elementor-element-populated\">\n\t\t\t\t\t\t<div class=\"elementor-element elementor-element-b94dd6f raven-shape-circle elementor-widget elementor-widget-raven-icon\" data-id=\"b94dd6f\" data-element_type=\"widget\" data-e-type=\"widget\" data-widget_type=\"raven-icon.default\">\n\t\t\t\t<div class=\"elementor-widget-container\">\n\t\t\t\t\t\t\t<div class=\"raven-icon-wrapper\">\n\t\t\t<div class=\"raven-icon\">\n\t\t\t\t<i aria-hidden=\"true\" class=\"fas fa-medal\"><\/i>\t\t\t<\/div>\n\t\t<\/div>\n\t\t\t\t\t\t<\/div>\n\t\t\t\t<\/div>\n\t\t\t\t<div class=\"elementor-element elementor-element-3942b55 elementor-widget elementor-widget-text-editor\" data-id=\"3942b55\" data-element_type=\"widget\" data-e-type=\"widget\" data-widget_type=\"text-editor.default\">\n\t\t\t\t<div class=\"elementor-widget-container\">\n\t\t\t\t\t\t\t\t\t<p><strong>INNOVATION<\/strong><\/p><p>La force innovatrice est la cl\u00e9 de notre travail. Nous nous concentrons sur la recherche de solutions capables de rendre plus s\u00fbr et performant le travail de nos clients.<\/p>\t\t\t\t\t\t\t\t<\/div>\n\t\t\t\t<\/div>\n\t\t\t\t\t<\/div>\n\t\t<\/div>\n\t\t\t\t<div class=\"elementor-column elementor-col-33 elementor-inner-column elementor-element elementor-element-2d6d0ae\" data-id=\"2d6d0ae\" data-element_type=\"column\" data-e-type=\"column\">\n\t\t\t<div class=\"elementor-widget-wrap elementor-element-populated\">\n\t\t\t\t\t\t<div class=\"elementor-element elementor-element-187b640 raven-shape-circle elementor-widget elementor-widget-raven-icon\" data-id=\"187b640\" data-element_type=\"widget\" data-e-type=\"widget\" data-widget_type=\"raven-icon.default\">\n\t\t\t\t<div class=\"elementor-widget-container\">\n\t\t\t\t\t\t\t<div class=\"raven-icon-wrapper\">\n\t\t\t<div class=\"raven-icon\">\n\t\t\t\t<i aria-hidden=\"true\" class=\"fas fa-handshake\"><\/i>\t\t\t<\/div>\n\t\t<\/div>\n\t\t\t\t\t\t<\/div>\n\t\t\t\t<\/div>\n\t\t\t\t<div class=\"elementor-element elementor-element-db747fc elementor-widget elementor-widget-text-editor\" data-id=\"db747fc\" data-element_type=\"widget\" data-e-type=\"widget\" data-widget_type=\"text-editor.default\">\n\t\t\t\t<div class=\"elementor-widget-container\">\n\t\t\t\t\t\t\t\t\t<p><strong>CONFIANCE<\/strong><\/p><p>Ceux avec lesquels nous travaillons peuvent compter sur nous et sur un lien solide et fiable. Nous sommes coh\u00e9rents et respectons nos engagements.<\/p>\t\t\t\t\t\t\t\t<\/div>\n\t\t\t\t<\/div>\n\t\t\t\t\t<\/div>\n\t\t<\/div>\n\t\t\t\t<div class=\"elementor-column elementor-col-33 elementor-inner-column elementor-element elementor-element-e05e115\" data-id=\"e05e115\" data-element_type=\"column\" data-e-type=\"column\">\n\t\t\t<div class=\"elementor-widget-wrap elementor-element-populated\">\n\t\t\t\t\t\t<div class=\"elementor-element elementor-element-e673b53 raven-shape-circle elementor-widget elementor-widget-raven-icon\" data-id=\"e673b53\" data-element_type=\"widget\" data-e-type=\"widget\" data-widget_type=\"raven-icon.default\">\n\t\t\t\t<div class=\"elementor-widget-container\">\n\t\t\t\t\t\t\t<div class=\"raven-icon-wrapper\">\n\t\t\t<div class=\"raven-icon\">\n\t\t\t\t<i aria-hidden=\"true\" class=\"far fa-star\"><\/i>\t\t\t<\/div>\n\t\t<\/div>\n\t\t\t\t\t\t<\/div>\n\t\t\t\t<\/div>\n\t\t\t\t<div class=\"elementor-element elementor-element-cfd5491 elementor-widget elementor-widget-text-editor\" data-id=\"cfd5491\" data-element_type=\"widget\" data-e-type=\"widget\" data-widget_type=\"text-editor.default\">\n\t\t\t\t<div class=\"elementor-widget-container\">\n\t\t\t\t\t\t\t\t\t<p><strong>EXCELLENCE<\/strong><\/p><p>Nous v\u00e9rifions toutes les \u00e9tapes du cycle de production. Nous produisons ainsi 100 % de nos produits en Italie. Nous cultivons l\u2019excellence du personnel, des produits et des proc\u00e9d\u00e9s sans concession aucune.<\/p>\t\t\t\t\t\t\t\t<\/div>\n\t\t\t\t<\/div>\n\t\t\t\t\t<\/div>\n\t\t<\/div>\n\t\t\t\t\t<\/div>\n\t\t<\/section>\n\t\t\t\t<section class=\"elementor-section elementor-inner-section elementor-element elementor-element-c682402 elementor-section-boxed elementor-section-height-default elementor-section-height-default\" data-id=\"c682402\" data-element_type=\"section\" data-e-type=\"section\">\n\t\t\t\t\t\t<div class=\"elementor-container elementor-column-gap-default\">\n\t\t\t\t\t<div class=\"elementor-column elementor-col-33 elementor-inner-column elementor-element elementor-element-6d46ae2\" data-id=\"6d46ae2\" data-element_type=\"column\" data-e-type=\"column\">\n\t\t\t<div class=\"elementor-widget-wrap elementor-element-populated\">\n\t\t\t\t\t\t<div class=\"elementor-element elementor-element-fe8721d raven-shape-circle elementor-widget elementor-widget-raven-icon\" data-id=\"fe8721d\" data-element_type=\"widget\" data-e-type=\"widget\" data-widget_type=\"raven-icon.default\">\n\t\t\t\t<div class=\"elementor-widget-container\">\n\t\t\t\t\t\t\t<div class=\"raven-icon-wrapper\">\n\t\t\t<div class=\"raven-icon\">\n\t\t\t\t<i aria-hidden=\"true\" class=\"fas fa-globe-americas\"><\/i>\t\t\t<\/div>\n\t\t<\/div>\n\t\t\t\t\t\t<\/div>\n\t\t\t\t<\/div>\n\t\t\t\t<div class=\"elementor-element elementor-element-94d4473 elementor-widget elementor-widget-text-editor\" data-id=\"94d4473\" data-element_type=\"widget\" data-e-type=\"widget\" data-widget_type=\"text-editor.default\">\n\t\t\t\t<div class=\"elementor-widget-container\">\n\t\t\t\t\t\t\t\t\t<p><strong>LE MONDE CANGINI<\/strong><\/p><p>Notre succ\u00e8s est le r\u00e9sultat de l\u2019engagement de chacun d\u2019entre nous. C\u2019est gr\u00e2ce \u00e0 la passion et au travail d\u2019\u00e9quipe que naissent les id\u00e9es les plus innovantes et c\u2019est gr\u00e2ce au d\u00e9vouement de tous qu\u2019elles peuvent \u00eatre r\u00e9alis\u00e9es.<\/p>\t\t\t\t\t\t\t\t<\/div>\n\t\t\t\t<\/div>\n\t\t\t\t\t<\/div>\n\t\t<\/div>\n\t\t\t\t<div class=\"elementor-column elementor-col-33 elementor-inner-column elementor-element elementor-element-85bfa4a\" data-id=\"85bfa4a\" data-element_type=\"column\" data-e-type=\"column\">\n\t\t\t<div class=\"elementor-widget-wrap elementor-element-populated\">\n\t\t\t\t\t\t<div class=\"elementor-element elementor-element-3910540 raven-shape-circle elementor-widget elementor-widget-raven-icon\" data-id=\"3910540\" data-element_type=\"widget\" data-e-type=\"widget\" data-widget_type=\"raven-icon.default\">\n\t\t\t\t<div class=\"elementor-widget-container\">\n\t\t\t\t\t\t\t<div class=\"raven-icon-wrapper\">\n\t\t\t<div class=\"raven-icon\">\n\t\t\t\t<i aria-hidden=\"true\" class=\"fas fa-hard-hat\"><\/i>\t\t\t<\/div>\n\t\t<\/div>\n\t\t\t\t\t\t<\/div>\n\t\t\t\t<\/div>\n\t\t\t\t<div class=\"elementor-element elementor-element-9f99d41 elementor-widget elementor-widget-text-editor\" data-id=\"9f99d41\" data-element_type=\"widget\" data-e-type=\"widget\" data-widget_type=\"text-editor.default\">\n\t\t\t\t<div class=\"elementor-widget-container\">\n\t\t\t\t\t\t\t\t\t<p><strong>S\u00c9CURIT\u00c9<\/strong><\/p><p>Nous cr\u00e9ons nos projets en respectant les exigences des clients, en donnant la priorit\u00e9 \u00e0 la s\u00e9curit\u00e9 et en nous effor\u00e7ant de fournir des \u00e9quipements s\u00fbrs et durables.<\/p>\t\t\t\t\t\t\t\t<\/div>\n\t\t\t\t<\/div>\n\t\t\t\t\t<\/div>\n\t\t<\/div>\n\t\t\t\t<div class=\"elementor-column elementor-col-33 elementor-inner-column elementor-element elementor-element-7b7bf5c\" data-id=\"7b7bf5c\" data-element_type=\"column\" data-e-type=\"column\">\n\t\t\t<div class=\"elementor-widget-wrap elementor-element-populated\">\n\t\t\t\t\t\t<div class=\"elementor-element elementor-element-342fcb6 raven-shape-circle elementor-widget elementor-widget-raven-icon\" data-id=\"342fcb6\" data-element_type=\"widget\" data-e-type=\"widget\" data-widget_type=\"raven-icon.default\">\n\t\t\t\t<div class=\"elementor-widget-container\">\n\t\t\t\t\t\t\t<div class=\"raven-icon-wrapper\">\n\t\t\t<div class=\"raven-icon\">\n\t\t\t\t<i aria-hidden=\"true\" class=\"fas fa-map-marker-alt\"><\/i>\t\t\t<\/div>\n\t\t<\/div>\n\t\t\t\t\t\t<\/div>\n\t\t\t\t<\/div>\n\t\t\t\t<div class=\"elementor-element elementor-element-6ba60c8 elementor-widget elementor-widget-text-editor\" data-id=\"6ba60c8\" data-element_type=\"widget\" data-e-type=\"widget\" data-widget_type=\"text-editor.default\">\n\t\t\t\t<div class=\"elementor-widget-container\">\n\t\t\t\t\t\t\t\t\t<p><strong>TERRITOIRE<\/strong><\/p><p>Nous entretenons des relations \u00e9troites avec notre territoire et contribuons \u00e0 sa valorisation et au bien-\u00eatre social de la communaut\u00e9.<\/p>\t\t\t\t\t\t\t\t<\/div>\n\t\t\t\t<\/div>\n\t\t\t\t\t<\/div>\n\t\t<\/div>\n\t\t\t\t\t<\/div>\n\t\t<\/section>\n\t\t\t\t\t<\/div>\n\t\t<\/div>\n\t\t\t\t\t<\/div>\n\t\t<\/section>\n\t\t\t\t<section class=\"elementor-section elementor-top-section elementor-element elementor-element-64bdddc elementor-section-stretched elementor-section-boxed elementor-section-height-default elementor-section-height-default\" data-id=\"64bdddc\" data-element_type=\"section\" data-e-type=\"section\" data-settings=\"{&quot;stretch_section&quot;:&quot;section-stretched&quot;,&quot;background_background&quot;:&quot;classic&quot;}\">\n\t\t\t\t\t\t<div class=\"elementor-container elementor-column-gap-default\">\n\t\t\t\t\t<div class=\"elementor-column elementor-col-100 elementor-top-column elementor-element elementor-element-200339d\" data-id=\"200339d\" data-element_type=\"column\" data-e-type=\"column\">\n\t\t\t<div class=\"elementor-widget-wrap elementor-element-populated\">\n\t\t\t\t\t\t<div class=\"elementor-element elementor-element-13692ea elementor-widget elementor-widget-heading\" data-id=\"13692ea\" data-element_type=\"widget\" data-e-type=\"widget\" data-widget_type=\"heading.default\">\n\t\t\t\t<div class=\"elementor-widget-container\">\n\t\t\t\t\t<h3 class=\"elementor-heading-title elementor-size-default\">LES ATOUTS DE L\u2019ENTREPRISE<\/h3>\t\t\t\t<\/div>\n\t\t\t\t<\/div>\n\t\t\t\t<div class=\"elementor-element elementor-element-e3eb21a elementor-widget elementor-widget-heading\" data-id=\"e3eb21a\" data-element_type=\"widget\" data-e-type=\"widget\" data-widget_type=\"heading.default\">\n\t\t\t\t<div class=\"elementor-widget-container\">\n\t\t\t\t\t<h1 class=\"elementor-heading-title elementor-size-xxl\">Les Chiffres<\/h1>\t\t\t\t<\/div>\n\t\t\t\t<\/div>\n\t\t\t\t<section class=\"elementor-section elementor-inner-section elementor-element elementor-element-7db7491 elementor-section-boxed elementor-section-height-default elementor-section-height-default\" data-id=\"7db7491\" data-element_type=\"section\" data-e-type=\"section\">\n\t\t\t\t\t\t<div class=\"elementor-container elementor-column-gap-default\">\n\t\t\t\t\t<div class=\"elementor-column elementor-col-33 elementor-inner-column elementor-element elementor-element-08a77d2\" data-id=\"08a77d2\" data-element_type=\"column\" data-e-type=\"column\">\n\t\t\t<div class=\"elementor-widget-wrap elementor-element-populated\">\n\t\t\t\t\t\t<div class=\"elementor-element elementor-element-2a2c6ab elementor-widget elementor-widget-counter\" data-id=\"2a2c6ab\" data-element_type=\"widget\" data-e-type=\"widget\" data-widget_type=\"counter.default\">\n\t\t\t\t<div class=\"elementor-widget-container\">\n\t\t\t\t\t\t\t<div class=\"elementor-counter\">\n\t\t\t<div class=\"elementor-counter-title\">Brevets<\/div>\t\t\t<div class=\"elementor-counter-number-wrapper\">\n\t\t\t\t<span class=\"elementor-counter-number-prefix\"><\/span>\n\t\t\t\t<span class=\"elementor-counter-number\" data-duration=\"2000\" data-to-value=\"20\" data-from-value=\"0\" data-delimiter=\",\">0<\/span>\n\t\t\t\t<span class=\"elementor-counter-number-suffix\"><\/span>\n\t\t\t<\/div>\n\t\t<\/div>\n\t\t\t\t\t\t<\/div>\n\t\t\t\t<\/div>\n\t\t\t\t\t<\/div>\n\t\t<\/div>\n\t\t\t\t<div class=\"elementor-column elementor-col-33 elementor-inner-column elementor-element elementor-element-25fb820\" data-id=\"25fb820\" data-element_type=\"column\" data-e-type=\"column\">\n\t\t\t<div class=\"elementor-widget-wrap elementor-element-populated\">\n\t\t\t\t\t\t<div class=\"elementor-element elementor-element-acf66b4 elementor-widget elementor-widget-counter\" data-id=\"acf66b4\" data-element_type=\"widget\" data-e-type=\"widget\" data-widget_type=\"counter.default\">\n\t\t\t\t<div class=\"elementor-widget-container\">\n\t\t\t\t\t\t\t<div class=\"elementor-counter\">\n\t\t\t<div class=\"elementor-counter-title\">Revendeurs dans le monde<\/div>\t\t\t<div class=\"elementor-counter-number-wrapper\">\n\t\t\t\t<span class=\"elementor-counter-number-prefix\"><\/span>\n\t\t\t\t<span class=\"elementor-counter-number\" data-duration=\"2000\" data-to-value=\"1000\" data-from-value=\"0\" data-delimiter=\".\">0<\/span>\n\t\t\t\t<span class=\"elementor-counter-number-suffix\"><\/span>\n\t\t\t<\/div>\n\t\t<\/div>\n\t\t\t\t\t\t<\/div>\n\t\t\t\t<\/div>\n\t\t\t\t\t<\/div>\n\t\t<\/div>\n\t\t\t\t<div class=\"elementor-column elementor-col-33 elementor-inner-column elementor-element elementor-element-05fa591\" data-id=\"05fa591\" data-element_type=\"column\" data-e-type=\"column\">\n\t\t\t<div class=\"elementor-widget-wrap elementor-element-populated\">\n\t\t\t\t\t\t<div class=\"elementor-element elementor-element-3cbbeb2 elementor-widget elementor-widget-counter\" data-id=\"3cbbeb2\" data-element_type=\"widget\" data-e-type=\"widget\" data-widget_type=\"counter.default\">\n\t\t\t\t<div class=\"elementor-widget-container\">\n\t\t\t\t\t\t\t<div class=\"elementor-counter\">\n\t\t\t<div class=\"elementor-counter-title\">Aire de Production<\/div>\t\t\t<div class=\"elementor-counter-number-wrapper\">\n\t\t\t\t<span class=\"elementor-counter-number-prefix\"><\/span>\n\t\t\t\t<span class=\"elementor-counter-number\" data-duration=\"2000\" data-to-value=\"10000\" data-from-value=\"0\" data-delimiter=\".\">0<\/span>\n\t\t\t\t<span class=\"elementor-counter-number-suffix\"> m<sup>2<\/sup><\/span>\n\t\t\t<\/div>\n\t\t<\/div>\n\t\t\t\t\t\t<\/div>\n\t\t\t\t<\/div>\n\t\t\t\t\t<\/div>\n\t\t<\/div>\n\t\t\t\t\t<\/div>\n\t\t<\/section>\n\t\t\t\t\t<\/div>\n\t\t<\/div>\n\t\t\t\t\t<\/div>\n\t\t<\/section>\n\t\t\t\t<\/div>\n\t\t","protected":false},"excerpt":{"rendered":"<p>Exportations dans 40 pays dans le monde NOUS CONCEVONS DES EXP\u00c9RIENCES AUTOUR DE NOS VALEURS D\u2019ENTREPRISE INNOVATION La force innovatrice est la cl\u00e9 de notre travail. Nous nous concentrons sur la recherche de solutions capables de rendre plus s\u00fbr et performant le travail de nos clients. CONFIANCE Ceux avec lesquels nous travaillons peuvent compter sur [&hellip;]<\/p>\n","protected":false},"author":1,"featured_media":0,"parent":0,"menu_order":0,"comment_status":"closed","ping_status":"closed","template":"","meta":{"_acf_changed":false,"footnotes":""},"class_list":["post-6507","page","type-page","status-publish","hentry"],"acf":[],"_links":{"self":[{"href":"https:\/\/www.canginibenne.com\/fr\/wp-json\/wp\/v2\/pages\/6507","targetHints":{"allow":["GET"]}}],"collection":[{"href":"https:\/\/www.canginibenne.com\/fr\/wp-json\/wp\/v2\/pages"}],"about":[{"href":"https:\/\/www.canginibenne.com\/fr\/wp-json\/wp\/v2\/types\/page"}],"author":[{"embeddable":true,"href":"https:\/\/www.canginibenne.com\/fr\/wp-json\/wp\/v2\/users\/1"}],"replies":[{"embeddable":true,"href":"https:\/\/www.canginibenne.com\/fr\/wp-json\/wp\/v2\/comments?post=6507"}],"version-history":[{"count":0,"href":"https:\/\/www.canginibenne.com\/fr\/wp-json\/wp\/v2\/pages\/6507\/revisions"}],"wp:attachment":[{"href":"https:\/\/www.canginibenne.com\/fr\/wp-json\/wp\/v2\/media?parent=6507"}],"curies":[{"name":"wp","href":"https:\/\/api.w.org\/{rel}","templated":true}]}}