{"id":6488,"date":"2022-01-07T11:02:27","date_gmt":"2022-01-07T10:02:27","guid":{"rendered":"https:\/\/www.canginibenne.com\/politique-de-confidentialite\/"},"modified":"2024-06-20T16:04:10","modified_gmt":"2024-06-20T14:04:10","slug":"politique-de-confidentialite","status":"publish","type":"page","link":"https:\/\/www.canginibenne.com\/fr\/politique-de-confidentialite\/","title":{"rendered":"Politique de Confidentialit\u00e9"},"content":{"rendered":"\t\t<div data-elementor-type=\"wp-page\" data-elementor-id=\"6488\" class=\"elementor elementor-6488 elementor-39\" data-elementor-post-type=\"page\">\n\t\t\t\t\t\t<section class=\"elementor-section elementor-top-section elementor-element elementor-element-7cc337b elementor-section-stretched elementor-section-boxed elementor-section-height-default elementor-section-height-default\" data-id=\"7cc337b\" data-element_type=\"section\" data-e-type=\"section\" data-settings=\"{&quot;stretch_section&quot;:&quot;section-stretched&quot;}\">\n\t\t\t\t\t\t<div class=\"elementor-container elementor-column-gap-default\">\n\t\t\t\t\t<div class=\"elementor-column elementor-col-100 elementor-top-column elementor-element elementor-element-219f9bd\" data-id=\"219f9bd\" data-element_type=\"column\" data-e-type=\"column\">\n\t\t\t<div class=\"elementor-widget-wrap elementor-element-populated\">\n\t\t\t\t\t\t<div class=\"elementor-element elementor-element-cb06392 elementor-widget elementor-widget-text-editor\" data-id=\"cb06392\" data-element_type=\"widget\" data-e-type=\"widget\" data-widget_type=\"text-editor.default\">\n\t\t\t\t<div class=\"elementor-widget-container\">\n\t\t\t\t\t\t\t\t\t<p class=\"p1\"><b>POLITIQUE DE CONFIDENTIALIT\u00c9 \u2013 <\/b><span class=\"s1\"><b>www.canginibenne.com<\/b><\/span><b><span class=\"Apple-converted-space\">\u00a0<\/span><\/b><\/p><p class=\"p2\"><span class=\"Apple-converted-space\">\u00a0<\/span><\/p><p class=\"p3\">Cher Utilisateur,<span class=\"Apple-converted-space\">\u00a0<\/span><\/p><p class=\"p3\">L\u2019article 13, paragraphe 1, du R\u00e8glement europ\u00e9en sur la protection des donn\u00e9es personnelles (RGPD) impose l\u2019obligation d\u2019informer la personne concern\u00e9e, en cas de collecte directe de ses donn\u00e9es, sur les \u00e9l\u00e9ments fondamentaux du traitement, en les pr\u00e9cisant au paragraphe 1, points a\/f. Par cons\u00e9quent, nous vous informons que :<span class=\"Apple-converted-space\">\u00a0<\/span><\/p><p class=\"p4\"><span class=\"Apple-converted-space\">\u00a0<\/span><\/p><p class=\"p5\"><b>RESPONSABLE DU TRAITEMENT DES DONN\u00c9ES<span class=\"Apple-converted-space\">\u00a0<\/span><\/b><\/p><p class=\"p6\">Le Responsable du traitement est la soci\u00e9t\u00e9 <b>CANGINI BENNE S.R.L. <\/b>situ\u00e9e \u00e0 Sarsina, Via Savio 29\/31<span class=\"Apple-converted-space\">\u00a0<\/span><\/p><p class=\"p7\"><span class=\"s3\">PEC : <a href=\"mailto:info@pec.canginibenne.com\"><span class=\"s1\">info@pec.canginibenne.com<\/span><\/a><\/span><\/p><p class=\"p7\"><span class=\"s3\">E-MAIL : <a href=\"mailto:privacy@canginibenne.com\"><span class=\"s1\">privacy@canginibenne.com<\/span><\/a><\/span><\/p><p class=\"p6\">T\u00c9L : 0547698020<span class=\"Apple-converted-space\">\u00a0 <\/span>FAX : 054794363<span class=\"Apple-converted-space\">\u00a0<\/span><\/p><p class=\"p8\"><span class=\"Apple-converted-space\">\u00a0<\/span><\/p><p class=\"p5\"><b>MODALIT\u00c9S DE TRAITEMENT DES DONN\u00c9ES :<span class=\"Apple-converted-space\">\u00a0<\/span><\/b><\/p><p class=\"p5\">Les donn\u00e9es \u00e0 caract\u00e8re personnel que vous fournissez seront trait\u00e9es dans le respect du r\u00e8glement susmentionn\u00e9 et des obligations de confidentialit\u00e9 qui r\u00e9gissent les activit\u00e9s du Responsable du traitement. Les donn\u00e9es seront trait\u00e9es sur supports informatiques, papier ou tout autre support appropri\u00e9 (par exemple\u00a0: syst\u00e8mes de cloud, syst\u00e8mes d\u2019archivage et de stockage num\u00e9rique, &#8230;), dans le respect des mesures de s\u00e9curit\u00e9 techniques et organisationnelles pr\u00e9vues par le RGPD.<span class=\"Apple-converted-space\">\u00a0<\/span><\/p><p class=\"p8\"><b><span class=\"Apple-converted-space\">\u00a0<\/span><\/b><\/p><p class=\"p5\"><b>CAT\u00c9GORIES DE DONN\u00c9ES : <span class=\"Apple-converted-space\">\u00a0<\/span><\/b><\/p><p class=\"p9\">Les types de donn\u00e9es \u00e0 caract\u00e8re personnel pouvant faire l\u2019objet du traitement sont les suivants : <span class=\"Apple-converted-space\">\u00a0<\/span><\/p><ol class=\"ol1\"><li class=\"li10\"><b>Donn\u00e9es collect\u00e9es automatiquement<\/b>. Les syst\u00e8mes informatiques et les proc\u00e9dures n\u00e9cessaires au fonctionnement du site acqui\u00e8rent, durant leur fonctionnement normal, des donn\u00e9es personnelles dont la transmission est implicite dans l\u2019utilisation des protocoles de communication Internet. Ces informations ne sont pas collect\u00e9es pour \u00eatre associ\u00e9es \u00e0 des personnes concern\u00e9es identifi\u00e9es, mais de par leur nature, pourraient, \u00e0 travers des \u00e9laborations et associations avec des donn\u00e9es d\u00e9tenues par des tiers, permettre d\u2019identifier les utilisateurs. Cette cat\u00e9gorie de donn\u00e9es comprend les adresses IP\u00a0ou les noms de domaine des ordinateurs employ\u00e9s par les utilisateurs qui se connectent au site, les adresses URI (<i>Uniform Resource Identifier<\/i>) des ressources demand\u00e9es, l\u2019heure de la demande, la m\u00e9thode utilis\u00e9e pour soumettre la demande au serveur, la taille du fichier envoy\u00e9, le code num\u00e9rique indiquant l\u2019\u00e9tat de la r\u00e9ponse donn\u00e9e par le serveur (succ\u00e8s, erreur, etc.) et d\u2019autres param\u00e8tres relatifs au syst\u00e8me d\u2019exploitation et \u00e0 l\u2019environnement informatique de l\u2019utilisateur. Ces donn\u00e9es sont trait\u00e9es pour obtenir des informations statistiques sur l\u2019utilisation du site et pour en contr\u00f4ler le fonctionnement correct. <span class=\"Apple-converted-space\">\u00a0<\/span><\/li><li class=\"li11\"><b>Donn\u00e9es fournies volontairement par l\u2019utilisateur.<\/b> L\u2019envoi volontaire et explicite de courrier \u00e9lectronique aux adresses indiqu\u00e9es dans les diff\u00e9rents canaux d\u2019acc\u00e8s de ce site n\u2019implique pas une demande de consentement et entra\u00eene l\u2019acquisition de l\u2019adresse et des donn\u00e9es de l\u2019exp\u00e9diteur, n\u00e9cessaires pour donner suite aux demandes, ainsi que de toute autre donn\u00e9e \u00e0 caract\u00e8re personnel incluse dans le message. Il est entendu que ces donn\u00e9es sont fournies volontairement par l\u2019utilisateur au moment o\u00f9 il demande le service. Au contraire, une information sommaire sp\u00e9cifique figure dans les pages du site \u00ab\u00a0travailler avec nous\u00a0\u00bb \u00ab\u00a0devenez notre revendeur\u00a0\u00bb \u00ab\u00a0contactez-nous\u00a0\u00bb \u00ab\u00a0formulaire de newsletter\u00a0\u00bb : l\u2019utilisateur doit consentir explicitement \u00e0 l\u2019utilisation des donn\u00e9es figurant dans ces formulaires pour pouvoir envoyer la demande.<span class=\"Apple-converted-space\">\u00a0<\/span><\/li><li class=\"li12\"><b>Cookies<\/b>. Le site utilise des cookies. Pour en savoir plus, consulter la <b>politique en mati\u00e8re de cookies<\/b>.<span class=\"Apple-converted-space\">\u00a0<\/span><\/li><\/ol><p class=\"p5\"><b>SOURCE DES DONN\u00c9ES PERSONNELLES :<span class=\"Apple-converted-space\">\u00a0 \u00a0<\/span><\/b><\/p><p class=\"p5\">Les donn\u00e9es \u00e0 caract\u00e8re personnel d\u00e9tenues par le Responsable du traitement sont collect\u00e9es directement aupr\u00e8s de la personne concern\u00e9e.<span class=\"Apple-converted-space\">\u00a0<\/span><\/p><p class=\"p4\"><span class=\"Apple-converted-space\">\u00a0<\/span><\/p><p class=\"p13\"><b>FINALIT\u00c9S DU TRAITEMENT DES DONN\u00c9ES ET BASE JURIDIQUE :<span class=\"Apple-converted-space\">\u00a0 <\/span><\/b>Le traitement de vos donn\u00e9es a pour finalit\u00e9 et pour base juridique :<span class=\"Apple-converted-space\">\u00a0<\/span><\/p><ol class=\"ol1\"><li class=\"li11\">Pour les <b>donn\u00e9es collect\u00e9es automatiquement<\/b>, la base juridique est l\u2019int\u00e9r\u00eat l\u00e9gitime du Responsable du traitement et la finalit\u00e9 est d\u2019assurer et d\u2019am\u00e9liorer votre exp\u00e9rience de navigation sur le web.<span class=\"Apple-converted-space\">\u00a0<\/span><\/li><li class=\"li11\">Pour les <b>donn\u00e9es fournies volontairement par l\u2019utilisateur<\/b>, la base juridique est l\u2019ex\u00e9cution d\u2019une obligation l\u00e9gale et la finalit\u00e9 est de pouvoir envoyer des r\u00e9ponses \u00e0 des demandes sp\u00e9cifiques formul\u00e9es par l\u2019utilisateur ; pour les formulaires \u00ab\u00a0travailler avec nous\u00a0\u00bb \u00ab\u00a0devenez notre revendeur\u00a0\u00bb \u00ab\u00a0contactez-nous\u00a0\u00bb \u00ab\u00a0formulaire de newsletter\u00a0\u00bb ,la finalit\u00e9 et la base juridique sont indiqu\u00e9es dans les informations contenues dans chaque formulaire.<span class=\"Apple-converted-space\">\u00a0<\/span><\/li><li class=\"li14\">Pour les <b>cookies <\/b>: consulter la politique en mati\u00e8re de cookies.<span class=\"Apple-converted-space\">\u00a0<\/span><\/li><\/ol><p class=\"p5\"><b>DESTINATAIRES DES DONN\u00c9ES :<span class=\"Apple-converted-space\">\u00a0<\/span><\/b><\/p><p class=\"p15\">Dans les limites pertinentes aux finalit\u00e9s du traitement indiqu\u00e9es, vos donn\u00e9es pourront \u00eatre communiqu\u00e9es \u00e0 des personnes d\u00e9sign\u00e9es par le Responsable du traitement (contacter le Responsable du traitement pour obtenir la liste des destinataires des donn\u00e9es). Les donn\u00e9es \u00e0 caract\u00e8re personnel collect\u00e9es sont \u00e9galement trait\u00e9es par le personnel de <b>CANGINI BENNE<\/b> <b>S.R.L.<\/b>, qui agit sur la base d\u2019instructions sp\u00e9cifiques concernant le traitement des donn\u00e9es pour des t\u00e2ches et des fonctions particuli\u00e8res imposant des obligations de confidentialit\u00e9 sp\u00e9cifiques. Vos donn\u00e9es ne seront en aucun cas diffus\u00e9es. <span class=\"Apple-converted-space\">\u00a0<\/span><\/p><p class=\"p4\"><span class=\"Apple-converted-space\">\u00a0<\/span><\/p><p class=\"p5\"><b>TRANSFERT DES DONN\u00c9ES VERS DES PAYS TIERS : <span class=\"Apple-converted-space\">\u00a0<\/span><\/b><\/p><p class=\"p16\">Actuellement, il n\u2019est pas pr\u00e9vu de transf\u00e9rer vos donn\u00e9es vers un pays tiers. Si un transfert devait avoir lieu, il serait effectu\u00e9 conform\u00e9ment aux dispositions l\u00e9gales applicables, sous r\u00e9serve de la stipulation des clauses contractuelles types pr\u00e9vues par la Commission europ\u00e9enne et d\u2019une \u00e9ventuelle communication aux personnes concern\u00e9es. <span class=\"Apple-converted-space\">\u00a0<\/span><\/p><p class=\"p17\"><span class=\"Apple-converted-space\">\u00a0<\/span><\/p><p class=\"p5\"><b>DUR\u00c9E DE CONSERVATION : <span class=\"Apple-converted-space\">\u00a0<\/span><\/b><\/p><p class=\"p13\">Conform\u00e9ment au principe de limitation de la conservation (article 5 du RGPD), la v\u00e9rification de l\u2019obsolescence des donn\u00e9es stock\u00e9es au regard des finalit\u00e9s pour lesquelles elles ont \u00e9t\u00e9 collect\u00e9es est effectu\u00e9e p\u00e9riodiquement. En particulier :<span class=\"Apple-converted-space\">\u00a0<\/span><\/p><ol class=\"ol1\"><li class=\"li11\">Les donn\u00e9es recueillies automatiquement sont trait\u00e9es, pendant le temps strictement n\u00e9cessaire, dans le seul but d\u2019obtenir des informations statistiques sur l\u2019utilisation du site et de v\u00e9rifier son fonctionnement r\u00e9gulier, y compris \u00e0 des fins de s\u00e9curit\u00e9 ou conform\u00e9ment aux d\u00e9lais pr\u00e9vus par la loi.<span class=\"Apple-converted-space\">\u00a0<\/span><\/li><li class=\"li11\">La dur\u00e9e de conservation des donn\u00e9es fournies volontairement par l\u2019utilisateur sera limit\u00e9e \u00e0 l\u2019accomplissement des finalit\u00e9s pour lesquelles elles sont trait\u00e9es ou conform\u00e9ment aux d\u00e9lais pr\u00e9vus par la loi.<span class=\"Apple-converted-space\">\u00a0<\/span><\/li><li class=\"li14\">Donn\u00e9es collect\u00e9es via des cookies : consulter la politique en mati\u00e8re de cookies.<span class=\"Apple-converted-space\">\u00a0<\/span><\/li><\/ol><p class=\"p5\"><b>DROITS DE LA PERSONNE CONCERN\u00c9E :<span class=\"Apple-converted-space\">\u00a0<\/span><\/b><\/p><p class=\"p5\">La personne concern\u00e9e a le droit de demander \u00e0 tout moment au Responsable du traitement l\u2019<b>acc\u00e8s<\/b> \u00e0 ses donn\u00e9es, leur <b>rectification<\/b> ou leur <b>effacement<\/b>, la <b>limitation <\/b>du traitement, ou de <i>s\u2019opposer <\/i>au traitement, de demander la <b>portabilit\u00e9 des<\/b> donn\u00e9es, de retirer son consentement au traitement en faisant valoir ces droits et d\u2019autres droits pr\u00e9vus par le RGPD sur simple communication au Responsable du traitement. La personne concern\u00e9e peut \u00e9galement d\u00e9poser une plainte aupr\u00e8s d\u2019une autorit\u00e9 de contr\u00f4le.<span class=\"Apple-converted-space\">\u00a0<\/span><\/p><p class=\"p4\"><span class=\"Apple-converted-space\">\u00a0<\/span><\/p><p class=\"p5\"><b>CARACT\u00c8RE OBLIGATOIRE OU NON DE LA COMMUNICATION DES DONN\u00c9ES : <span class=\"Apple-converted-space\">\u00a0<\/span><\/b><\/p><p class=\"p5\">La communication de vos donn\u00e9es est obligatoire lors de la navigation sur notre site web au regard des points 1, 2 des finalit\u00e9s susmentionn\u00e9es afin de nous permettre de vous accorder le service souhait\u00e9. <span class=\"Apple-converted-space\">\u00a0<\/span><\/p>\t\t\t\t\t\t\t\t<\/div>\n\t\t\t\t<\/div>\n\t\t\t\t\t<\/div>\n\t\t<\/div>\n\t\t\t\t\t<\/div>\n\t\t<\/section>\n\t\t\t\t<\/div>\n\t\t","protected":false},"excerpt":{"rendered":"<p>POLITIQUE DE CONFIDENTIALIT\u00c9 \u2013 www.canginibenne.com\u00a0 \u00a0 Cher Utilisateur,\u00a0 L\u2019article 13, paragraphe 1, du R\u00e8glement europ\u00e9en sur la protection des donn\u00e9es personnelles (RGPD) impose l\u2019obligation d\u2019informer la personne concern\u00e9e, en cas de collecte directe de ses donn\u00e9es, sur les \u00e9l\u00e9ments fondamentaux du traitement, en les pr\u00e9cisant au paragraphe 1, points a\/f. Par cons\u00e9quent, nous vous informons [&hellip;]<\/p>\n","protected":false},"author":1,"featured_media":0,"parent":0,"menu_order":0,"comment_status":"closed","ping_status":"closed","template":"","meta":{"_acf_changed":false,"footnotes":""},"class_list":["post-6488","page","type-page","status-publish","hentry"],"acf":[],"_links":{"self":[{"href":"https:\/\/www.canginibenne.com\/fr\/wp-json\/wp\/v2\/pages\/6488","targetHints":{"allow":["GET"]}}],"collection":[{"href":"https:\/\/www.canginibenne.com\/fr\/wp-json\/wp\/v2\/pages"}],"about":[{"href":"https:\/\/www.canginibenne.com\/fr\/wp-json\/wp\/v2\/types\/page"}],"author":[{"embeddable":true,"href":"https:\/\/www.canginibenne.com\/fr\/wp-json\/wp\/v2\/users\/1"}],"replies":[{"embeddable":true,"href":"https:\/\/www.canginibenne.com\/fr\/wp-json\/wp\/v2\/comments?post=6488"}],"version-history":[{"count":0,"href":"https:\/\/www.canginibenne.com\/fr\/wp-json\/wp\/v2\/pages\/6488\/revisions"}],"wp:attachment":[{"href":"https:\/\/www.canginibenne.com\/fr\/wp-json\/wp\/v2\/media?parent=6488"}],"curies":[{"name":"wp","href":"https:\/\/api.w.org\/{rel}","templated":true}]}}