{"id":6490,"date":"2022-01-07T11:02:27","date_gmt":"2022-01-07T10:02:27","guid":{"rendered":"https:\/\/www.canginibenne.com\/politica-de-privacidad\/"},"modified":"2024-06-21T13:59:06","modified_gmt":"2024-06-21T11:59:06","slug":"politica-de-privacidad","status":"publish","type":"page","link":"https:\/\/www.canginibenne.com\/es\/politica-de-privacidad\/","title":{"rendered":"Pol\u00edtica de Privacidad"},"content":{"rendered":"\t\t<div data-elementor-type=\"wp-page\" data-elementor-id=\"6490\" class=\"elementor elementor-6490 elementor-39\" data-elementor-post-type=\"page\">\n\t\t\t\t\t\t<section class=\"elementor-section elementor-top-section elementor-element elementor-element-40825c4 elementor-section-stretched elementor-section-boxed elementor-section-height-default elementor-section-height-default\" data-id=\"40825c4\" data-element_type=\"section\" data-e-type=\"section\" data-settings=\"{&quot;stretch_section&quot;:&quot;section-stretched&quot;}\">\n\t\t\t\t\t\t<div class=\"elementor-container elementor-column-gap-default\">\n\t\t\t\t\t<div class=\"elementor-column elementor-col-100 elementor-top-column elementor-element elementor-element-586b37f\" data-id=\"586b37f\" data-element_type=\"column\" data-e-type=\"column\">\n\t\t\t<div class=\"elementor-widget-wrap elementor-element-populated\">\n\t\t\t\t\t\t<div class=\"elementor-element elementor-element-e25667f elementor-widget elementor-widget-text-editor\" data-id=\"e25667f\" data-element_type=\"widget\" data-e-type=\"widget\" data-widget_type=\"text-editor.default\">\n\t\t\t\t<div class=\"elementor-widget-container\">\n\t\t\t\t\t\t\t\t\t<p class=\"p1\"><b>POL\u00cdTICA DE PRIVACIDAD &#8211; <\/b><span class=\"s1\"><b>www.canginibenne.com<\/b><\/span><b><span class=\"Apple-converted-space\">\u00a0<\/span><\/b><\/p><p class=\"p2\"><span class=\"Apple-converted-space\">\u00a0<\/span><\/p><p class=\"p3\">Estimado Usuario: El Reglamento Europeo para la Protecci\u00f3n de los Datos Personales (RGDP) dispone en su art. 13, inciso 1, la obligaci\u00f3n de dar al Interesado la informaci\u00f3n fundamental acerca del tratamiento, especific\u00e1ndola en las letras a\/f de tal inciso, en caso de obtenci\u00f3n directa de sus datos. Por tanto, le informamos que:<span class=\"Apple-converted-space\">\u00a0<\/span><\/p><p class=\"p4\"><span class=\"Apple-converted-space\">\u00a0<\/span><\/p><p class=\"p5\"><b>RESPONSABLE DEL TRATAMIENTO<span class=\"Apple-converted-space\">\u00a0<\/span><\/b><\/p><p class=\"p6\">Responsable del tratamiento es la empresa <b>CANGINI BENNE S.R.L.<\/b>, con domicilio social en Sarsina, Via Savio, 29\/31<span class=\"Apple-converted-space\">\u00a0<\/span><\/p><p class=\"p7\">CORREO ELECTR\u00d3NICO CERTIFICADO: info@pec.canginibenne.com EMAIL: privacy@canginibenne.com TEL: +39 0547698020 FAX: +39 054794363<span class=\"Apple-converted-space\">\u00a0<\/span><\/p><p class=\"p8\"><span class=\"Apple-converted-space\">\u00a0<\/span><\/p><p class=\"p5\"><b>MODALIDAD DE TRATAMIENTO DE LOS DATOS:<span class=\"Apple-converted-space\">\u00a0<\/span><\/b><\/p><p class=\"p5\">Los datos personales que Usted ha proporcionado ser\u00e1n objeto de operaciones de tratamiento conformes con la mencionada normativa y con los deberes de confidencialidad adoptados por la empresa del Responsable. Los datos ser\u00e1n tratados con medios inform\u00e1ticos, en forma impresa o cualquier otro tipo de soporte (p. ej. sistemas en la nube, sistemas de archivo y conservaci\u00f3n sustitutiva digital, etc.), en observancia de las medidas t\u00e9cnicas y organizativas de seguridad dispuestas en el RGDP.<span class=\"Apple-converted-space\">\u00a0<\/span><\/p><p class=\"p8\"><b><span class=\"Apple-converted-space\">\u00a0<\/span><\/b><\/p><p class=\"p5\"><b>CATEGOR\u00cdAS DE DATOS PERSONALES:<span class=\"Apple-converted-space\">\u00a0 \u00a0<\/span><\/b><\/p><p class=\"p9\">Podr\u00e1n ser objeto de tratamiento las siguientes categor\u00edas de datos personales:<span class=\"Apple-converted-space\">\u00a0<\/span><\/p><ol class=\"ol1\"><li class=\"li10\"><span class=\"s2\"><b>Datos recogidos en forma autom\u00e1tica<\/b>. <\/span>Los sistemas inform\u00e1ticos y los procedimientos destinados al funcionamiento de este sitio web adquieren durante su ejecuci\u00f3n algunos datos personales cuya transmisi\u00f3n es impl\u00edcita para el uso de los protocolos de comunicaci\u00f3n de Internet. Se trata de datos que no se recogen para ser asociados a personas identificadas, pero que por su naturaleza podr\u00edan, a trav\u00e9s de la elaboraci\u00f3n y asociaci\u00f3n con datos pose\u00eddos por terceros, consentir la identificaci\u00f3n de los usuarios. Forman parte de esta categor\u00eda de datos las direcciones IP o los nombres de dominio de los ordenadores utilizados por los usuarios que se conectan con el sitio, las direcciones URI (<i>Uniform Resource Identifier<\/i>) de los recursos solicitados, el horario de la solicitud, el m\u00e9todo utilizado al someter la solicitud al servidor, el tama\u00f1o del archivo obtenido en respuesta, el c\u00f3digo num\u00e9rico que indica el estado de la respuesta dada por el servidor (correcta, err\u00f3nea, etc.),<span class=\"Apple-converted-space\">\u00a0 <\/span>as\u00ed como otros par\u00e1metros referidos al sistema operativo y al entorno inform\u00e1tico del usuario. Estos datos se utilizan con el \u00fanico fin de obtener informaci\u00f3n estad\u00edstica respecto del uso del sitio y para controlar su correcto funcionamiento.<span class=\"Apple-converted-space\">\u00a0<\/span><\/li><li class=\"li11\"><b>Datos proporcionados voluntariamente por el usuario<\/b>. El env\u00edo voluntario y expl\u00edcito de correo electr\u00f3nico a las direcciones indicadas en los diferentes canales de acceso a este sitio no implica la solicitud de consentimiento, pero s\u00ed la obtenci\u00f3n de la direcci\u00f3n y de los datos del remitente, necesarios para responder a las solicitudes, as\u00ed como de otros eventuales datos personales que contenga la comunicaci\u00f3n. Tales datos se consideran voluntariamente proporcionados por el usuario al solicitar el servicio. En cambio, las p\u00e1ginas del sitio denominadas \u201cTrabaja con nosotros\u201d, \u201cHazte distribuidor\u201d, \u201cContacta con nosotros\u201d y \u201cFormulario newsletter\u201d. En estos formularios, el usuario debe consentir expl\u00edcitamente el uso de los datos facilitados para poder enviar la solicitud.<span class=\"Apple-converted-space\">\u00a0<\/span><\/li><li class=\"li12\"><b>Cookies<\/b>. Este sitio usa cookies. Para m\u00e1s informaci\u00f3n, remitirse a la <b>Pol\u00edtica de cookies<\/b> espec\u00edfica.<span class=\"Apple-converted-space\">\u00a0<\/span><\/li><\/ol><p class=\"p5\"><b>FUENTE DE LOS DATOS PERSONALES: <span class=\"Apple-converted-space\">\u00a0<\/span><\/b><\/p><p class=\"p5\">Los datos personales en manos del Responsable han sido obtenidos directamente del Interesado.<span class=\"Apple-converted-space\">\u00a0<\/span><\/p><p class=\"p4\"><span class=\"Apple-converted-space\">\u00a0<\/span><\/p><p class=\"p13\"><b>FINES DEL TRATAMIENTO Y FUNDAMENTO JUR\u00cdDICO:<span class=\"Apple-converted-space\">\u00a0 <\/span><\/b>El tratamiento de sus datos se realiza con los siguientes fines y fundamentos jur\u00eddicos:<span class=\"Apple-converted-space\">\u00a0<\/span><\/p><ol class=\"ol1\"><li class=\"li11\">Por lo que concierne los <b>datos recogidos en forma autom\u00e1tica<\/b>, el fundamento jur\u00eddico es el leg\u00edtimo inter\u00e9s del Responsable y el fin es el de ofrecer y mejorar la experiencia de navegaci\u00f3n web.<span class=\"Apple-converted-space\">\u00a0<\/span><\/li><li class=\"li11\">Por lo que concierne los <b>datos proporcionados voluntariamente por el usuario<\/b>, el fundamento jur\u00eddico es el cumplimiento de una obligaci\u00f3n legal y el fin es el de poder responder a las solicitudes espec\u00edficas del usuario; en el formulario \u00abTrabaja con nosotros\u201d,\u201dhazte distribuidor\u201d, \u201ccontacta con nosotros\u201d y \u201cFormulario newsletter\u201d, tanto el fin como el fundamento jur\u00eddico est\u00e1n indicados en las notas informativas publicadas en cada uno de los mismos.<span class=\"Apple-converted-space\">\u00a0<\/span><\/li><li class=\"li14\">Por lo que concierne las <b>cookies<\/b>, remitirse a la pol\u00edtica de cookies correspondiente.<span class=\"Apple-converted-space\">\u00a0<\/span><\/li><\/ol><p class=\"p5\"><b>DESTINATARIOS DE LOS DATOS PERSONALES:<span class=\"Apple-converted-space\">\u00a0<\/span><\/b><\/p><p class=\"p15\">Dentro de los l\u00edmites pertinentes a los fines de tratamiento indicados, sus datos podr\u00edan comunicarse a sujetos Encargados por el Responsable del Tratamiento (es posible solicitar la lista de tales sujetos al Responsable). Asimismo, los datos personales recogidos son tratados por el personal de <b>CANGINI BENNE S.R.L.<\/b>, que opera en base a instrucciones espec\u00edficas en materia de tratamiento de datos proporcionadas para determinadas tareas y funciones que requieren la firma del compromiso de confidencialidad. Sus datos no ser\u00e1n en absoluto objeto de difusi\u00f3n. <span class=\"Apple-converted-space\">\u00a0<\/span><\/p><p class=\"p4\"><span class=\"Apple-converted-space\">\u00a0<\/span><\/p><p class=\"p5\"><b>TRANSFERENCIA DE LOS DATOS A TERCEROS PA\u00cdSES: <span class=\"Apple-converted-space\">\u00a0<\/span><\/b><\/p><p class=\"p16\">Actualmente no se prev\u00e9 la transferencia de sus datos a terceros pa\u00edses; en caso de que tuviese que efectuarse una transferencia, esta ser\u00e1 efectuada conforme con las disposiciones legales pertinentes, previa estipulaci\u00f3n de las cl\u00e1usulas contractuales est\u00e1ndar previstas por la Comisi\u00f3n Europea y eventual comunicaci\u00f3n a los interesados. <span class=\"Apple-converted-space\">\u00a0<\/span><\/p><p>\u00a0<\/p><p class=\"p5\"><b>PER\u00cdODO DE CONSERVACI\u00d3N: <span class=\"Apple-converted-space\">\u00a0<\/span><\/b><\/p><p class=\"p13\">En base al principio de limitaci\u00f3n del plazo de conservaci\u00f3n (art. 5, RGDP), se realiza peri\u00f3dicamente un control de obsolescencia de los datos conservados en relaci\u00f3n con los fines para los que han sido recogidos. En particular:<span class=\"Apple-converted-space\">\u00a0<\/span><\/p><ol class=\"ol1\"><li class=\"li11\">Los datos recogidos en forma autom\u00e1tica se tratan durante el tiempo estrictamente necesario, con el solo fin de obtener informaci\u00f3n estad\u00edstica acerca del uso del sitio web y de controlar su normal funcionamiento, as\u00ed como con fines de seguridad o seg\u00fan los plazos previstos por las normas legales.<span class=\"Apple-converted-space\">\u00a0<\/span><\/li><li class=\"li11\">Los datos proporcionados voluntariamente por el usuario ser\u00e1n conservados durante un per\u00edodo no superior al logro de los fines para los que han sido tratados o seg\u00fan los plazos previstos por las normas legales.<span class=\"Apple-converted-space\">\u00a0<\/span><\/li><li class=\"li14\">Por lo que concierne los datos recogidos mediante cookies, remitirse a la pol\u00edtica de cookies correspondiente.<span class=\"Apple-converted-space\">\u00a0<\/span><\/li><\/ol><p class=\"p5\"><b>DERECHOS DEL INTERESADO:<span class=\"Apple-converted-space\">\u00a0<\/span><\/b><\/p><p class=\"p5\">El Interesado tiene siempre derecho a solicitar el <b>acceso<\/b> a sus datos personales, a su <b>rectificaci\u00f3n<\/b> o <b>supresi\u00f3n<\/b>, a la <b>limitaci\u00f3n<\/b> de su tratamiento, a <i>oponerse<\/i> a su tratamiento, as\u00ed como a la <b>portabilidad<\/b> de los datos y a revocar su consentimiento al tratamiento haciendo valer estos y otros derechos contemplados por el RGDP mediante una simple comunicaci\u00f3n al Responsable. El Interesado puede presentar una reclamaci\u00f3n ante una autoridad de control.<span class=\"Apple-converted-space\">\u00a0<\/span><\/p><p class=\"p4\"><span class=\"Apple-converted-space\">\u00a0<\/span><\/p><p class=\"p5\"><b>OBLIGATORIEDAD O NO DE LA CONCESI\u00d3N DE LOS DATOS: <span class=\"Apple-converted-space\">\u00a0<\/span><\/b><\/p><p class=\"p5\">La concesi\u00f3n de sus datos durante la navegaci\u00f3n en nuestro sitio web es obligatoria para los puntos 1 y 2 de los fines mencionados, de manera que pueda suministr\u00e1rsele correctamente el servicio. <span class=\"Apple-converted-space\">\u00a0<\/span><\/p>\t\t\t\t\t\t\t\t<\/div>\n\t\t\t\t<\/div>\n\t\t\t\t\t<\/div>\n\t\t<\/div>\n\t\t\t\t\t<\/div>\n\t\t<\/section>\n\t\t\t\t<\/div>\n\t\t","protected":false},"excerpt":{"rendered":"<p>POL\u00cdTICA DE PRIVACIDAD &#8211; www.canginibenne.com\u00a0 \u00a0 Estimado Usuario: El Reglamento Europeo para la Protecci\u00f3n de los Datos Personales (RGDP) dispone en su art. 13, inciso 1, la obligaci\u00f3n de dar al Interesado la informaci\u00f3n fundamental acerca del tratamiento, especific\u00e1ndola en las letras a\/f de tal inciso, en caso de obtenci\u00f3n directa de sus datos. Por [&hellip;]<\/p>\n","protected":false},"author":1,"featured_media":0,"parent":0,"menu_order":0,"comment_status":"closed","ping_status":"closed","template":"","meta":{"_acf_changed":false,"footnotes":""},"class_list":["post-6490","page","type-page","status-publish","hentry"],"acf":[],"_links":{"self":[{"href":"https:\/\/www.canginibenne.com\/es\/wp-json\/wp\/v2\/pages\/6490","targetHints":{"allow":["GET"]}}],"collection":[{"href":"https:\/\/www.canginibenne.com\/es\/wp-json\/wp\/v2\/pages"}],"about":[{"href":"https:\/\/www.canginibenne.com\/es\/wp-json\/wp\/v2\/types\/page"}],"author":[{"embeddable":true,"href":"https:\/\/www.canginibenne.com\/es\/wp-json\/wp\/v2\/users\/1"}],"replies":[{"embeddable":true,"href":"https:\/\/www.canginibenne.com\/es\/wp-json\/wp\/v2\/comments?post=6490"}],"version-history":[{"count":0,"href":"https:\/\/www.canginibenne.com\/es\/wp-json\/wp\/v2\/pages\/6490\/revisions"}],"wp:attachment":[{"href":"https:\/\/www.canginibenne.com\/es\/wp-json\/wp\/v2\/media?parent=6490"}],"curies":[{"name":"wp","href":"https:\/\/api.w.org\/{rel}","templated":true}]}}