{"id":5509,"date":"2022-01-07T10:58:35","date_gmt":"2022-01-07T09:58:35","guid":{"rendered":"https:\/\/www.canginibenne.com\/servicio-postventa\/"},"modified":"2024-07-09T11:25:22","modified_gmt":"2024-07-09T09:25:22","slug":"servicio-postventa","status":"publish","type":"page","link":"https:\/\/www.canginibenne.com\/es\/servicio-postventa\/","title":{"rendered":"Servicio postventa y recambios"},"content":{"rendered":"\t\t<div data-elementor-type=\"wp-page\" data-elementor-id=\"5509\" class=\"elementor elementor-5509 elementor-22\" data-elementor-post-type=\"page\">\n\t\t\t\t\t\t<section class=\"elementor-section elementor-top-section elementor-element elementor-element-10efa7b elementor-section-stretched elementor-section-boxed elementor-section-height-default elementor-section-height-default\" data-id=\"10efa7b\" data-element_type=\"section\" data-e-type=\"section\" data-settings=\"{&quot;stretch_section&quot;:&quot;section-stretched&quot;,&quot;background_background&quot;:&quot;classic&quot;}\">\n\t\t\t\t\t\t<div class=\"elementor-container elementor-column-gap-default\">\n\t\t\t\t\t<div class=\"elementor-column elementor-col-100 elementor-top-column elementor-element elementor-element-97c9c2f\" data-id=\"97c9c2f\" data-element_type=\"column\" data-e-type=\"column\">\n\t\t\t<div class=\"elementor-widget-wrap elementor-element-populated\">\n\t\t\t\t\t\t<div class=\"elementor-element elementor-element-11f44b2 elementor-align-center elementor-widget elementor-widget-button\" data-id=\"11f44b2\" data-element_type=\"widget\" data-e-type=\"widget\" data-widget_type=\"button.default\">\n\t\t\t\t<div class=\"elementor-widget-container\">\n\t\t\t\t\t\t\t\t\t<div class=\"elementor-button-wrapper\">\n\t\t\t\t\t<a class=\"elementor-button elementor-button-link elementor-size-sm\" href=\"https:\/\/canginibenne.atlassian.net\/servicedesk\/customer\/portals\">\n\t\t\t\t\t\t<span class=\"elementor-button-content-wrapper\">\n\t\t\t\t\t\t\t\t\t<span class=\"elementor-button-text\">Centro de ayuda Cangini<\/span>\n\t\t\t\t\t<\/span>\n\t\t\t\t\t<\/a>\n\t\t\t\t<\/div>\n\t\t\t\t\t\t\t\t<\/div>\n\t\t\t\t<\/div>\n\t\t\t\t\t<\/div>\n\t\t<\/div>\n\t\t\t\t\t<\/div>\n\t\t<\/section>\n\t\t\t\t<section class=\"elementor-section elementor-top-section elementor-element elementor-element-3e0e549 elementor-section-boxed elementor-section-height-default elementor-section-height-default\" data-id=\"3e0e549\" data-element_type=\"section\" data-e-type=\"section\">\n\t\t\t\t\t\t<div class=\"elementor-container elementor-column-gap-default\">\n\t\t\t\t\t<div class=\"elementor-column elementor-col-33 elementor-top-column elementor-element elementor-element-fbdc9a4\" data-id=\"fbdc9a4\" data-element_type=\"column\" data-e-type=\"column\">\n\t\t\t<div class=\"elementor-widget-wrap elementor-element-populated\">\n\t\t\t\t\t\t<div class=\"elementor-element elementor-element-800d1e7 raven-shape-circle elementor-widget elementor-widget-raven-icon\" data-id=\"800d1e7\" data-element_type=\"widget\" data-e-type=\"widget\" data-widget_type=\"raven-icon.default\">\n\t\t\t\t<div class=\"elementor-widget-container\">\n\t\t\t\t\t\t\t<div class=\"raven-icon-wrapper\">\n\t\t\t<div class=\"raven-icon\">\n\t\t\t\t<i aria-hidden=\"true\" class=\"fas fa-headset\"><\/i>\t\t\t<\/div>\n\t\t<\/div>\n\t\t\t\t\t\t<\/div>\n\t\t\t\t<\/div>\n\t\t\t\t<div class=\"elementor-element elementor-element-70b7efd elementor-widget elementor-widget-text-editor\" data-id=\"70b7efd\" data-element_type=\"widget\" data-e-type=\"widget\" data-widget_type=\"text-editor.default\">\n\t\t\t\t<div class=\"elementor-widget-container\">\n\t\t\t\t\t\t\t\t\t<p><strong>ASISTENCIA T\u00c9CNICA MULTILING\u00dcE<\/strong><\/p><p>Respondemos con competencia y celeridad a cualquier duda sobre el montaje, mantenimiento y uso de los equipos.<\/p>\t\t\t\t\t\t\t\t<\/div>\n\t\t\t\t<\/div>\n\t\t\t\t\t<\/div>\n\t\t<\/div>\n\t\t\t\t<div class=\"elementor-column elementor-col-33 elementor-top-column elementor-element elementor-element-7835c6c\" data-id=\"7835c6c\" data-element_type=\"column\" data-e-type=\"column\">\n\t\t\t<div class=\"elementor-widget-wrap elementor-element-populated\">\n\t\t\t\t\t\t<div class=\"elementor-element elementor-element-9deca87 raven-shape-circle elementor-widget elementor-widget-raven-icon\" data-id=\"9deca87\" data-element_type=\"widget\" data-e-type=\"widget\" data-widget_type=\"raven-icon.default\">\n\t\t\t\t<div class=\"elementor-widget-container\">\n\t\t\t\t\t\t\t<div class=\"raven-icon-wrapper\">\n\t\t\t<div class=\"raven-icon\">\n\t\t\t\t<i aria-hidden=\"true\" class=\"fas fa-users\"><\/i>\t\t\t<\/div>\n\t\t<\/div>\n\t\t\t\t\t\t<\/div>\n\t\t\t\t<\/div>\n\t\t\t\t<div class=\"elementor-element elementor-element-852c364 elementor-widget elementor-widget-text-editor\" data-id=\"852c364\" data-element_type=\"widget\" data-e-type=\"widget\" data-widget_type=\"text-editor.default\">\n\t\t\t\t<div class=\"elementor-widget-container\">\n\t\t\t\t\t\t\t\t\t<p><strong>CURSO DE FORMACION EN MANTENIMIENTO Y REPARACION<\/strong><\/p><p>Reuniones de actualizaci\u00f3n t\u00e9cnica y formaci\u00f3n para los distribuidores<\/p>\t\t\t\t\t\t\t\t<\/div>\n\t\t\t\t<\/div>\n\t\t\t\t\t<\/div>\n\t\t<\/div>\n\t\t\t\t<div class=\"elementor-column elementor-col-33 elementor-top-column elementor-element elementor-element-d8c34cb\" data-id=\"d8c34cb\" data-element_type=\"column\" data-e-type=\"column\">\n\t\t\t<div class=\"elementor-widget-wrap elementor-element-populated\">\n\t\t\t\t\t\t<div class=\"elementor-element elementor-element-bf508b2 raven-shape-circle elementor-widget elementor-widget-raven-icon\" data-id=\"bf508b2\" data-element_type=\"widget\" data-e-type=\"widget\" data-widget_type=\"raven-icon.default\">\n\t\t\t\t<div class=\"elementor-widget-container\">\n\t\t\t\t\t\t\t<div class=\"raven-icon-wrapper\">\n\t\t\t<div class=\"raven-icon\">\n\t\t\t\t<svg xmlns=\"http:\/\/www.w3.org\/2000\/svg\" xmlns:xlink=\"http:\/\/www.w3.org\/1999\/xlink\" id=\"Livello_1\" x=\"0px\" y=\"0px\" viewBox=\"0 0 117.8 133.8\" style=\"enable-background:new 0 0 117.8 133.8;\" xml:space=\"preserve\"><style type=\"text\/css\">\t.st0{fill:#E25303;}<\/style><g>\t<path class=\"st0\" d=\"M68.2,81.4c1.4,0,2.5,0,3.9,0c0,0.7,0.1,1.3,0.1,2c0,10.7,0,21.5,0,32.2c0,4.9-3,8.8-7.6,9.9  c-1,0.2-2,0.3-3,0.3c-14.7,0-29.5,0-44.2,0c-4.2,0-7.7-1.4-9.7-5.2c-0.8-1.6-1.3-3.5-1.3-5.2c-0.2-4.8,0-9.6,0-14.4  c0-22.3,0-44.6,0-66.9c0-6.2,0.2-12.3,0-18.5C6,9.6,10.8,4.8,16.9,4.8c15,0.1,30.1,0,45.1,0c5.9,0,10.1,4.3,10.2,10.2  c0,3,0,6.1,0,9.1c0,1-0.4,1.2-1.3,1.2c-2.7,0-2.7,0-2.7-2.7c0-1-0.4-1.2-1.3-1.2c-18.3,0-36.6,0-54.9,0c-1.9,0-1.9-0.3-1.9,1.9  c0,27.1,0,54.2,0,81.4c0,0.7,0,1.5,0,2.2c0,1.6,0,1.6,1.7,1.6c18.4,0,36.7,0,55.1,0.1c1.2,0,1.2-0.6,1.2-1.4c0-7.8,0-15.7,0-23.5  C68.2,82.9,68.2,82.2,68.2,81.4z M39.3,112.5C39.3,112.5,39.3,112.5,39.3,112.5c-8.8,0-17.6,0-26.4,0c-2.8,0-2.8,0-2.7,2.9  c0.1,4.1,2.4,6.4,6.5,6.5c2.5,0,5.1,0,7.6,0c12.4,0,24.8,0,37.2,0.1c2.2,0,4-0.6,5.4-2.3c1.6-2,1.4-4.3,1.3-6.6  c0-0.2-0.6-0.5-0.9-0.5C57.9,112.5,48.6,112.5,39.3,112.5z M39.1,17.5C39.1,17.5,39.1,17.5,39.1,17.5c9.4,0,18.7,0,28.1,0  c0.3,0,0.9-0.3,0.9-0.5c0.8-4.6-2.1-8.3-6-8.2c-3.7,0.1-7.4,0-11.1,0c-11.5,0-22.9,0-34.4,0c-3.3,0-5.6,1.7-6.3,4.6  c-0.2,0.9-0.1,1.8-0.2,2.7c-0.1,1.1,0.3,1.3,1.3,1.3C20.7,17.4,29.9,17.5,39.1,17.5z\"><\/path>\t<path class=\"st0\" d=\"M58.1,68.6c-0.8,0-1.4,0-2,0c-1.8,0-2.4-0.7-2.4-2.4c0-10.1,0-20.2,0-30.4c0-0.7,0-1.4,0-2.1  c0-2,0.5-2.5,2.5-2.5c12.6,0,25.2,0,37.9,0c3.5,0,6.9,0,10.4,0c2.1,0,2.5,0.4,2.5,2.5c0,10.7,0,21.3,0,32c0,2.4-0.6,3-3.1,3  c-8,0-16,0-24,0.1c-1.1,0-2.3,0.3-3.2,0.8c-6.5,3.9-13,7.9-19.6,11.8c-0.6,0.4-1.5,0.7-2.2,0.6c-1-0.2-1.6-1.4-1.2-2.5  c1.2-3,2.4-5.9,3.6-8.9C57.7,70,57.8,69.4,58.1,68.6z M59.9,74.8c0.1,0.1,0.2,0.1,0.3,0.2c0.2-0.1,0.4-0.1,0.5-0.2  c5.1-3.1,10.1-6.2,15.3-9.3c0.8-0.5,1.9-0.8,2.9-0.8c7.5-0.1,15,0,22.5,0c0.5,0,1,0,1.6,0c0.1-0.7,0.1-1.3,0.1-2  c0-8.4,0-16.8-0.1-25.2c0-2.5,0.6-2.3-2.3-2.3c-14,0-28,0-42,0c-0.4,0-0.7,0.1-1,0.1c0,9.9,0,19.7,0,29.4c1.3,0.1,2.5,0.1,3.7,0.3  c1.5,0.3,2,0.9,1.5,2.4c-0.6,1.9-1.4,3.6-2.1,5.5C60.5,73.4,60.2,74.1,59.9,74.8z\"><\/path>\t<path class=\"st0\" d=\"M32.9,90.4c-4,0-8,0-12,0c-0.9,0-1.2-0.2-1.2-1.2c0.1-2.9-0.6-2.7,2.7-2.7c6.9,0,13.8,0,20.7,0  c0.5,0,1,0,1.5,0c1.1,0,1.5,0.4,1.5,1.6c-0.1,2.6,0.2,2.3-2.4,2.3C40.2,90.4,36.6,90.4,32.9,90.4z\"><\/path>\t<path class=\"st0\" d=\"M33.1,52.7c4,0,7.9,0,11.9,0c1,0,1.3,0.3,1.3,1.3c-0.1,2.5-0.1,2.6-2.6,2.6c-7.4,0-14.7,0-22.1,0  c-1.7,0-1.7,0-1.8-1.7c0-0.2,0-0.3,0-0.5c-0.1-1.6-0.1-1.7,1.6-1.7c2.6,0,5.2,0,7.7,0C30.4,52.6,31.8,52.6,33.1,52.7  C33.1,52.6,33.1,52.7,33.1,52.7z\"><\/path>\t<path class=\"st0\" d=\"M32.4,74.3c0,1.3,0,2.5,0,3.8c-4.2,0-8.3,0-12.5,0c0-1.2,0-2.4,0-3.8C24,74.3,28.1,74.3,32.4,74.3z\"><\/path>\t<path class=\"st0\" d=\"M19.9,40.3c4.3,0,8.4,0,12.5,0c0,1.3,0,2.5,0,3.8c-4.1,0-8.2,0-12.5,0C19.9,42.8,19.9,41.5,19.9,40.3z\"><\/path>\t<path class=\"st0\" d=\"M46.1,11.2c0.4,3.9,0.4,3.9-3.2,3.9c-3.5,0-7,0-10.6,0c0.1-1.3,0.1-2.6,0.2-3.9C37,11.2,41.5,11.2,46.1,11.2z\"><\/path>\t<path class=\"st0\" d=\"M69.5,51.8c1.5,1.5,3.1,3,4.6,4.5c0.8,0.8,1.2,0.7,1.9-0.1c4.7-4.8,9.5-9.5,14.3-14.3c0.7-0.7,1.2-0.8,1.9,0  c1.7,1.8,1.7,1.7,0,3.5c-4.9,4.9-9.8,9.8-14.7,14.6c-2.3,2.3-2.6,2.3-4.9,0c-1.6-1.6-3.2-3.2-4.9-4.8c-0.7-0.6-0.7-1.2,0-1.8  C68.3,52.9,68.9,52.3,69.5,51.8z\"><\/path><\/g><\/svg>\t\t\t<\/div>\n\t\t<\/div>\n\t\t\t\t\t\t<\/div>\n\t\t\t\t<\/div>\n\t\t\t\t<div class=\"elementor-element elementor-element-0b01d98 elementor-widget elementor-widget-text-editor\" data-id=\"0b01d98\" data-element_type=\"widget\" data-e-type=\"widget\" data-widget_type=\"text-editor.default\">\n\t\t\t\t<div class=\"elementor-widget-container\">\n\t\t\t\t\t\t\t\t\t<p><strong>CENTRO DE AYUDA CANGINI<\/strong><\/p><p>Intercambio f\u00e1cil y r\u00e1pido de solicitudes de servicio a trav\u00e9s de formularios en l\u00ednea.<\/p>\t\t\t\t\t\t\t\t<\/div>\n\t\t\t\t<\/div>\n\t\t\t\t\t<\/div>\n\t\t<\/div>\n\t\t\t\t\t<\/div>\n\t\t<\/section>\n\t\t\t\t<\/div>\n\t\t","protected":false},"excerpt":{"rendered":"<p>Centro de ayuda Cangini ASISTENCIA T\u00c9CNICA MULTILING\u00dcE Respondemos con competencia y celeridad a cualquier duda sobre el montaje, mantenimiento y uso de los equipos. CURSO DE FORMACION EN MANTENIMIENTO Y REPARACION Reuniones de actualizaci\u00f3n t\u00e9cnica y formaci\u00f3n para los distribuidores CENTRO DE AYUDA CANGINI Intercambio f\u00e1cil y r\u00e1pido de solicitudes de servicio a trav\u00e9s de [&hellip;]<\/p>\n","protected":false},"author":1,"featured_media":0,"parent":0,"menu_order":0,"comment_status":"closed","ping_status":"closed","template":"","meta":{"_acf_changed":true,"footnotes":""},"class_list":["post-5509","page","type-page","status-publish","hentry"],"acf":[],"_links":{"self":[{"href":"https:\/\/www.canginibenne.com\/es\/wp-json\/wp\/v2\/pages\/5509","targetHints":{"allow":["GET"]}}],"collection":[{"href":"https:\/\/www.canginibenne.com\/es\/wp-json\/wp\/v2\/pages"}],"about":[{"href":"https:\/\/www.canginibenne.com\/es\/wp-json\/wp\/v2\/types\/page"}],"author":[{"embeddable":true,"href":"https:\/\/www.canginibenne.com\/es\/wp-json\/wp\/v2\/users\/1"}],"replies":[{"embeddable":true,"href":"https:\/\/www.canginibenne.com\/es\/wp-json\/wp\/v2\/comments?post=5509"}],"version-history":[{"count":0,"href":"https:\/\/www.canginibenne.com\/es\/wp-json\/wp\/v2\/pages\/5509\/revisions"}],"wp:attachment":[{"href":"https:\/\/www.canginibenne.com\/es\/wp-json\/wp\/v2\/media?parent=5509"}],"curies":[{"name":"wp","href":"https:\/\/api.w.org\/{rel}","templated":true}]}}