{"id":15358,"date":"2022-05-30T17:03:50","date_gmt":"2022-05-30T15:03:50","guid":{"rendered":"https:\/\/www.canginibenne.com\/privacy-trabaja-con-nosotros\/"},"modified":"2024-06-21T14:02:15","modified_gmt":"2024-06-21T12:02:15","slug":"privacy-trabaja-con-nosotros","status":"publish","type":"page","link":"https:\/\/www.canginibenne.com\/es\/privacy-trabaja-con-nosotros\/","title":{"rendered":"Privacy Trabaja con nosotros"},"content":{"rendered":"\t\t<div data-elementor-type=\"wp-page\" data-elementor-id=\"15358\" class=\"elementor elementor-15358 elementor-15346\" data-elementor-post-type=\"page\">\n\t\t\t\t\t\t<section class=\"elementor-section elementor-top-section elementor-element elementor-element-b39dc16 elementor-section-stretched elementor-section-boxed elementor-section-height-default elementor-section-height-default\" data-id=\"b39dc16\" data-element_type=\"section\" data-e-type=\"section\" data-settings=\"{&quot;stretch_section&quot;:&quot;section-stretched&quot;}\">\n\t\t\t\t\t\t<div class=\"elementor-container elementor-column-gap-default\">\n\t\t\t\t\t<div class=\"elementor-column elementor-col-100 elementor-top-column elementor-element elementor-element-493f86f\" data-id=\"493f86f\" data-element_type=\"column\" data-e-type=\"column\">\n\t\t\t<div class=\"elementor-widget-wrap elementor-element-populated\">\n\t\t\t\t\t\t<div class=\"elementor-element elementor-element-6b31212 elementor-widget elementor-widget-text-editor\" data-id=\"6b31212\" data-element_type=\"widget\" data-e-type=\"widget\" data-widget_type=\"text-editor.default\">\n\t\t\t\t<div class=\"elementor-widget-container\">\n\t\t\t\t\t\t\t\t\t<p class=\"p1\"><b>FORMULARIO \u00abTRABAJA CON NOSOTROS\u201d<span class=\"Apple-converted-space\">\u00a0<\/span><\/b><\/p><p class=\"p3\">Estimado Usuario: El Reglamento Europeo para la Protecci\u00f3n de los Datos Personales (RGDP) dispone en su art. 13, inciso 1, la obligaci\u00f3n de dar al Interesado la informaci\u00f3n fundamental acerca del tratamiento, especific\u00e1ndola en las letras a\/f de tal inciso, en caso de obtenci\u00f3n directa de sus datos. Por tanto, le informamos que:<span class=\"Apple-converted-space\">\u00a0<\/span><\/p><p class=\"p5\"><b>RESPONSABLE DEL TRATAMIENTO<span class=\"Apple-converted-space\">\u00a0<\/span><\/b><\/p><p class=\"p6\">Responsable del tratamiento es la empresa <b>CANGINI BENNE S.R.L.<\/b>, con domicilio social en Sarsina, Via Savio, 29\/31 <span class=\"Apple-converted-space\">\u00a0 \u00a0 \u00a0 \u00a0 \u00a0 \u00a0 <\/span><\/p><p class=\"p6\"><b>CORREO ELECTR\u00d3NICO CERTIFICADO<\/b>: <span class=\"s1\">info@pec.canginibenne.com<\/span> <b>EMAIL<\/b>: <span class=\"s1\">privacy@canginibenne.com<\/span> <b>TEL<\/b>: +39 0547698020 <b>FAX<\/b>: +39 054794363<span class=\"Apple-converted-space\">\u00a0<\/span><span class=\"Apple-converted-space\">\u00a0<\/span><\/p><p class=\"p5\"><b>FINES DEL TRATAMIENTO<span class=\"Apple-converted-space\">\u00a0<\/span><\/b><\/p><p class=\"p9\">Sus datos personales podr\u00e1n ser recopilados con los siguientes fines: constituci\u00f3n de una base de datos (incluso impresa) donde seleccionar nombres \u00fatiles para futuras contrataciones en nuestra empresa; realizaci\u00f3n, por parte del responsable, de las actividades de b\u00fasqueda, selecci\u00f3n y evaluaci\u00f3n del personal; evaluaci\u00f3n de la correspondencia de su perfil a los cargos vacantes en la empresa y, en general, cualquier evaluaci\u00f3n en m\u00e9rito a la posibilidad de instaurar una relaci\u00f3n laboral; gestionar los procesos de selecci\u00f3n de aut\u00f3nomos y empleados y contactar con Usted mediante los datos que nos ha proporcionado con el fin de organizar las entrevistas que sean necesarias. El fundamento jur\u00eddico se basa: en su consentimiento expreso para uno o varios fines espec\u00edficos (solo en caso de que se proporcionen categor\u00edas especiales de datos conforme con el art. 9 del RGDP); en necesidades contractuales o precontractuales de conformidad con el art. 6, inciso 1, letra b) del RGDP. Las categor\u00edas de datos personales tratados son: datos personales y en algunos casos datos especiales (art. 9) proporcionados directamente por el Interesado. <span class=\"Apple-converted-space\">\u00a0<\/span><\/p><p class=\"p5\"><b>MODALIDAD DEL TRATAMIENTO<span class=\"Apple-converted-space\">\u00a0<\/span><\/b><\/p><p class=\"p6\">En relaci\u00f3n con los fines mencionados, el tratamiento de los datos personales tiene lugar con medios de impresi\u00f3n e inform\u00e1ticos, con l\u00f3gicas estrechamente relacionadas a los fines mencionados y, de todos modos, con garant\u00eda de seguridad y confidencialidad de los datos, as\u00ed como de plena observancia de la ley. <span class=\"Apple-converted-space\">\u00a0<\/span><\/p><p class=\"p5\"><b>COMUNICACI\u00d3N DE LOS DATOS<span class=\"Apple-converted-space\">\u00a0<\/span><\/b><\/p><p class=\"p6\">Los destinatarios o eventuales categor\u00edas de destinatarios son: oficina de correos u otras sociedades de env\u00edo de correspondencia; sociedades de mantenimiento y\/o reparaci\u00f3n de los equipos inform\u00e1ticos; trabajadores aut\u00f3nomos, contratados por proyecto o en forma ocasional para trabajar en nuestra empresa. Los datos no ser\u00e1n difundidos. En el \u00e1mbito de nuestra empresa, podr\u00e1n conocerlos solo los empleados y colaboradores aut\u00f3nomos encargados por nosotros para su tratamiento. Los datos podr\u00edan transferirse fuera del territorio de la UE o a alg\u00fan organismo internacional de conformidad con las disposiciones legales pertinentes, previa estipulaci\u00f3n de las cl\u00e1usulas contractuales est\u00e1ndar previstas por la Comisi\u00f3n Europea y eventual comunicaci\u00f3n a los interesados.<span class=\"Apple-converted-space\">\u00a0<\/span><\/p><p class=\"p11\"><b>PER\u00cdODO DE CONSERVACI\u00d3N<span class=\"Apple-converted-space\">\u00a0<\/span><\/b><\/p><p class=\"p12\">El per\u00edodo de conservaci\u00f3n de los datos personales incluidos en las bases de datos de potenciales empleados\/colaboradores aut\u00f3nomos se limitar\u00e1 al necesario para el logro de los fines indicados anteriormente sin superar, de todos modos, el l\u00edmite de 24 meses a partir de su entrega. Los datos comunicados podr\u00e1n ser objeto de ulteriores tratamientos en caso de que se llegara a entablar la relaci\u00f3n laboral con el Interesado, como se indica en la nota informativa espec\u00edfica que se entrega en el momento de la contrataci\u00f3n.<span class=\"Apple-converted-space\">\u00a0<\/span><\/p><p class=\"p12\"><b>DERECHOS DEL INTERESADO<span class=\"Apple-converted-space\">\u00a0<\/span><\/b><\/p><p class=\"p12\">Usted tiene derecho a solicitarnos el <b>acceso<\/b> a sus datos personales, a su <b>rectificaci\u00f3n<\/b> o <b>supresi\u00f3n<\/b>, a la <b>limitaci\u00f3n de su tratamiento<\/b>, a <b>oponerse<\/b> a su tratamiento, as\u00ed como a la portabilidad de los datos. Asimismo, tiene derecho a presentar una reclamaci\u00f3n ante una autoridad de control. Si el tratamiento se basa en el fundamento jur\u00eddico del consentimiento leg\u00edtimamente proporcionado, Usted tiene derecho a revocarlo en cualquier momento, sin perjuicio de la licitud del tratamiento basado en el consentimiento otorgado antes de la revocaci\u00f3n.<span class=\"Apple-converted-space\">\u00a0<\/span><\/p><p class=\"p5\"><b>CONSECUENCIAS DEL DENIEGO DE CONCESI\u00d3N DE LOS DATOS<span class=\"Apple-converted-space\">\u00a0<\/span><\/b><\/p><p class=\"p19\">La comunicaci\u00f3n de sus datos personales es un requisito para poder efectuar las actividades de selecci\u00f3n del personal, as\u00ed como para eventuales cumplimientos previos a la instauraci\u00f3n de la relaci\u00f3n laboral, por tanto su deniego comporta la imposibilidad de proceder con el tratamiento y, por ende, de evaluar su perfil para futuras contrataciones. La comunicaci\u00f3n de categor\u00edas especiales de datos (conforme con el art. 9 RGDP) es facultativa, por tanto su deniego no comporta alguna consecuencia a excepci\u00f3n de la de obtener menos informaci\u00f3n para evaluar posibles contrataciones.<\/p>\t\t\t\t\t\t\t\t<\/div>\n\t\t\t\t<\/div>\n\t\t\t\t\t<\/div>\n\t\t<\/div>\n\t\t\t\t\t<\/div>\n\t\t<\/section>\n\t\t\t\t<\/div>\n\t\t","protected":false},"excerpt":{"rendered":"<p>FORMULARIO \u00abTRABAJA CON NOSOTROS\u201d&nbsp; Estimado Usuario: El Reglamento Europeo para la Protecci\u00f3n de los Datos Personales (RGDP) dispone en su art. 13, inciso 1, la obligaci\u00f3n de dar al Interesado la informaci\u00f3n fundamental acerca del tratamiento, especific\u00e1ndola en las letras a\/f de tal inciso, en caso de obtenci\u00f3n directa de sus datos. Por tanto, le [&hellip;]<\/p>\n","protected":false},"author":1,"featured_media":0,"parent":0,"menu_order":0,"comment_status":"closed","ping_status":"closed","template":"","meta":{"_acf_changed":false,"footnotes":""},"class_list":["post-15358","page","type-page","status-publish","hentry"],"acf":[],"_links":{"self":[{"href":"https:\/\/www.canginibenne.com\/es\/wp-json\/wp\/v2\/pages\/15358","targetHints":{"allow":["GET"]}}],"collection":[{"href":"https:\/\/www.canginibenne.com\/es\/wp-json\/wp\/v2\/pages"}],"about":[{"href":"https:\/\/www.canginibenne.com\/es\/wp-json\/wp\/v2\/types\/page"}],"author":[{"embeddable":true,"href":"https:\/\/www.canginibenne.com\/es\/wp-json\/wp\/v2\/users\/1"}],"replies":[{"embeddable":true,"href":"https:\/\/www.canginibenne.com\/es\/wp-json\/wp\/v2\/comments?post=15358"}],"version-history":[{"count":0,"href":"https:\/\/www.canginibenne.com\/es\/wp-json\/wp\/v2\/pages\/15358\/revisions"}],"wp:attachment":[{"href":"https:\/\/www.canginibenne.com\/es\/wp-json\/wp\/v2\/media?parent=15358"}],"curies":[{"name":"wp","href":"https:\/\/api.w.org\/{rel}","templated":true}]}}