{"id":15335,"date":"2022-05-30T16:50:47","date_gmt":"2022-05-30T14:50:47","guid":{"rendered":"https:\/\/www.canginibenne.com\/privacy-formulario-de-contacto\/"},"modified":"2024-06-21T14:00:48","modified_gmt":"2024-06-21T12:00:48","slug":"privacy-formulario-de-contacto","status":"publish","type":"page","link":"https:\/\/www.canginibenne.com\/es\/privacy-formulario-de-contacto\/","title":{"rendered":"Privacy Formulario de Contacto"},"content":{"rendered":"\t\t<div data-elementor-type=\"wp-page\" data-elementor-id=\"15335\" class=\"elementor elementor-15335 elementor-15317\" data-elementor-post-type=\"page\">\n\t\t\t\t\t\t<section class=\"elementor-section elementor-top-section elementor-element elementor-element-124ee4a elementor-section-stretched elementor-section-boxed elementor-section-height-default elementor-section-height-default\" data-id=\"124ee4a\" data-element_type=\"section\" data-e-type=\"section\" data-settings=\"{&quot;stretch_section&quot;:&quot;section-stretched&quot;}\">\n\t\t\t\t\t\t<div class=\"elementor-container elementor-column-gap-default\">\n\t\t\t\t\t<div class=\"elementor-column elementor-col-100 elementor-top-column elementor-element elementor-element-42498e5\" data-id=\"42498e5\" data-element_type=\"column\" data-e-type=\"column\">\n\t\t\t<div class=\"elementor-widget-wrap elementor-element-populated\">\n\t\t\t\t\t\t<div class=\"elementor-element elementor-element-3cd7b4d elementor-widget elementor-widget-text-editor\" data-id=\"3cd7b4d\" data-element_type=\"widget\" data-e-type=\"widget\" data-widget_type=\"text-editor.default\">\n\t\t\t\t<div class=\"elementor-widget-container\">\n\t\t\t\t\t\t\t\t\t<p class=\"p1\"><b>FORMULARIO DE CONTACTO<\/b><\/p><p class=\"p3\">Estimado Usuario: El Reglamento Europeo para la Protecci\u00f3n de los Datos Personales (RGDP) dispone en su art. 13, inciso 1, la obligaci\u00f3n de dar al Interesado la informaci\u00f3n fundamental acerca del tratamiento, especific\u00e1ndola en las letras a\/f de tal inciso. Por tanto, le informamos que:<\/p><p class=\"p1\"><b>RESPONSABLE DEL TRATAMIENTO<\/b><\/p><p class=\"p3\">Responsable del tratamiento es la empresa <b>CANGINI BENNE S.R.L.<\/b>, con domicilio social en Sarsina, Via Savio, 29\/31<span class=\"Apple-converted-space\">\u00a0 <\/span>CORREO ELECTR\u00d3NICO CERTIFICADO: <a href=\"mailto:info@pec.canginibenne.com\">info@pec.canginibenne.com<\/a> EMAIL: <a href=\"mailto:privacy@canginibenne.com\">privacy@canginibenne.com<\/a> TEL: +39 0547698020 FAX: +39 054794363<\/p><p class=\"p6\"><b>CATEGOR\u00cdAS DE DATOS PERSONALES<\/b><\/p><p class=\"p7\">Podr\u00e1n ser objeto de tratamiento sus datos personales como, a t\u00edtulo de ejemplo y sin car\u00e1cter taxativo, nombre, apellido, direcci\u00f3n email, n\u00famero de m\u00f3vil, empresa en la que trabaja.<\/p><p class=\"p6\"><b>FUENTE DE LOS DATOS PERSONALES<\/b><\/p><p class=\"p7\">Los datos personales en manos del Responsable han sido obtenidos directamente del Interesado.<\/p><p class=\"p6\"><b>MODALIDAD DE TRATAMIENTO DE LOS DATOS<\/b><\/p><p class=\"p7\">Los datos personales que Usted ha proporcionado ser\u00e1n objeto de operaciones de tratamiento conformes con la mencionada normativa y con los deberes de confidencialidad adoptados por la empresa del Responsable. Los datos ser\u00e1n tratados con medios inform\u00e1ticos, en forma impresa o cualquier otro tipo de soporte id\u00f3neo, en observancia de las medidas de seguridad dispuestas en el RGDP.<\/p><p class=\"p6\"><b>FINES DEL TRATAMIENTO Y FUNDAMENTO JUR\u00cdDICO<\/b><\/p><p class=\"p8\">El tratamiento de sus datos, recopilados y archivados en relaci\u00f3n con la compilaci\u00f3n de este formulario, tiene por fundamento jur\u00eddico un cumplimiento legal y se realiza con los siguientes fines: solicitud de informaci\u00f3n.<\/p><p class=\"p6\"><b>DESTINATARIOS DE LOS DATOS PERSONALES<\/b><\/p><p class=\"p9\">Dentro de los l\u00edmites pertinentes a los fines de tratamiento indicados, sus datos podr\u00edan comunicarse a sujetos Encargados por el Responsable del Tratamiento (es posible solicitar la lista de tales sujetos al Responsable). Sus datos personales podr\u00edan ser comunicados por los Encargados (como, por ejemplo, agentes de zona) a los distribuidores de los productos Cangini Benne S.r.l. a fin de poder responder a su solicitud.<span class=\"Apple-converted-space\">\u00a0 <\/span>Asimismo, los datos personales recogidos son tratados por el personal de <b>CANGINI BENNE S.R.L.<\/b>, que opera en base a instrucciones espec\u00edficas en materia de tratamiento de datos proporcionadas para determinadas tareas y funciones que requieren la firma del compromiso de confidencialidad. Sus datos no ser\u00e1n en absoluto objeto de difusi\u00f3n.<span class=\"Apple-converted-space\">\u00a0<\/span><\/p><p class=\"p6\"><b>TRANSFERENCIA DE LOS DATOS A TERCEROS PA\u00cdSES<\/b><\/p><p class=\"p7\">Actualmente no se prev\u00e9 la transferencia de sus datos a terceros pa\u00edses; en caso de que tuviese que efectuarse una transferencia, esta ser\u00e1 efectuada conforme con las disposiciones legales pertinentes, previa estipulaci\u00f3n de las cl\u00e1usulas contractuales est\u00e1ndar previstas por la Comisi\u00f3n Europea y eventual comunicaci\u00f3n a los interesados.<span class=\"Apple-converted-space\">\u00a0<\/span><\/p><p class=\"p6\"><b>PER\u00cdODO DE CONSERVACI\u00d3N<\/b><\/p><p class=\"p7\">Los datos recogidos ser\u00e1n conservados durante no m\u00e1s tiempo del necesario para los fines del tratamiento (\u201cprincipio de limitaci\u00f3n del plazo de conservaci\u00f3n\u201d, art. 5, RGDP) o seg\u00fan los plazos previstos por las normas legales. El control de obsolescencia de los datos conservados en relaci\u00f3n con los fines para los que han sido recogidos se realiza peri\u00f3dicamente.<\/p><p class=\"p6\"><b>DERECHOS DEL INTERESADO<\/b><\/p><p class=\"p7\">El Interesado tiene siempre derecho a solicitar el <b>acceso<\/b> a sus datos personales, a su <b>rectificaci\u00f3n<\/b> o <b>supresi\u00f3n<\/b>, a la <b>limitaci\u00f3n<\/b> de su tratamiento, a <b>oponerse<\/b> a su tratamiento, as\u00ed como a la <b>portabilidad<\/b> de los datos mediante una simple comunicaci\u00f3n al Responsable. El Interesado puede presentar una reclamaci\u00f3n ante una autoridad de control.<\/p><p class=\"p6\"><b>OBLIGATORIEDAD O NO DE LA CONCESI\u00d3N DE LOS DATOS<\/b><\/p><p class=\"p7\">La aportaci\u00f3n de sus datos personales es necesaria a fin de poder responder a su solicitud; su deniego comportar\u00e1 la imposibilidad de proporcionar el servicio solicitado.<\/p>\t\t\t\t\t\t\t\t<\/div>\n\t\t\t\t<\/div>\n\t\t\t\t\t<\/div>\n\t\t<\/div>\n\t\t\t\t\t<\/div>\n\t\t<\/section>\n\t\t\t\t<\/div>\n\t\t","protected":false},"excerpt":{"rendered":"<p>FORMULARIO DE CONTACTO Estimado Usuario: El Reglamento Europeo para la Protecci\u00f3n de los Datos Personales (RGDP) dispone en su art. 13, inciso 1, la obligaci\u00f3n de dar al Interesado la informaci\u00f3n fundamental acerca del tratamiento, especific\u00e1ndola en las letras a\/f de tal inciso. Por tanto, le informamos que: RESPONSABLE DEL TRATAMIENTO Responsable del tratamiento es [&hellip;]<\/p>\n","protected":false},"author":1,"featured_media":0,"parent":0,"menu_order":0,"comment_status":"closed","ping_status":"closed","template":"","meta":{"_acf_changed":false,"footnotes":""},"class_list":["post-15335","page","type-page","status-publish","hentry"],"acf":[],"_links":{"self":[{"href":"https:\/\/www.canginibenne.com\/es\/wp-json\/wp\/v2\/pages\/15335","targetHints":{"allow":["GET"]}}],"collection":[{"href":"https:\/\/www.canginibenne.com\/es\/wp-json\/wp\/v2\/pages"}],"about":[{"href":"https:\/\/www.canginibenne.com\/es\/wp-json\/wp\/v2\/types\/page"}],"author":[{"embeddable":true,"href":"https:\/\/www.canginibenne.com\/es\/wp-json\/wp\/v2\/users\/1"}],"replies":[{"embeddable":true,"href":"https:\/\/www.canginibenne.com\/es\/wp-json\/wp\/v2\/comments?post=15335"}],"version-history":[{"count":0,"href":"https:\/\/www.canginibenne.com\/es\/wp-json\/wp\/v2\/pages\/15335\/revisions"}],"wp:attachment":[{"href":"https:\/\/www.canginibenne.com\/es\/wp-json\/wp\/v2\/media?parent=15335"}],"curies":[{"name":"wp","href":"https:\/\/api.w.org\/{rel}","templated":true}]}}