{"id":15289,"date":"2022-05-30T12:09:14","date_gmt":"2022-05-30T10:09:14","guid":{"rendered":"https:\/\/www.canginibenne.com\/pale\/"},"modified":"2024-06-21T13:56:34","modified_gmt":"2024-06-21T11:56:34","slug":"pale","status":"publish","type":"page","link":"https:\/\/www.canginibenne.com\/es\/pale\/","title":{"rendered":"Palas cargadoras"},"content":{"rendered":"\t\t<div data-elementor-type=\"wp-page\" data-elementor-id=\"15289\" class=\"elementor elementor-15289 elementor-15063\" data-elementor-post-type=\"page\">\n\t\t\t\t\t\t<section class=\"elementor-section elementor-top-section elementor-element elementor-element-0f903de elementor-section-stretched elementor-section-boxed elementor-section-height-default elementor-section-height-default\" data-id=\"0f903de\" data-element_type=\"section\" data-e-type=\"section\" data-settings=\"{&quot;stretch_section&quot;:&quot;section-stretched&quot;}\">\n\t\t\t\t\t\t<div class=\"elementor-container elementor-column-gap-default\">\n\t\t\t\t\t<div class=\"elementor-column elementor-col-100 elementor-top-column elementor-element elementor-element-290167c\" data-id=\"290167c\" data-element_type=\"column\" data-e-type=\"column\">\n\t\t\t<div class=\"elementor-widget-wrap elementor-element-populated\">\n\t\t\t\t\t\t<div class=\"elementor-element elementor-element-c02711c elementor-grid-4 elementor-posts--align-center elementor-grid-tablet-2 elementor-grid-mobile-1 elementor-posts--thumbnail-top elementor-posts__hover-gradient elementor-widget elementor-widget-posts\" data-id=\"c02711c\" data-element_type=\"widget\" data-e-type=\"widget\" data-settings=\"{&quot;cards_columns&quot;:&quot;4&quot;,&quot;cards_columns_tablet&quot;:&quot;2&quot;,&quot;cards_columns_mobile&quot;:&quot;1&quot;,&quot;cards_row_gap&quot;:{&quot;unit&quot;:&quot;px&quot;,&quot;size&quot;:35,&quot;sizes&quot;:[]},&quot;cards_row_gap_tablet&quot;:{&quot;unit&quot;:&quot;px&quot;,&quot;size&quot;:&quot;&quot;,&quot;sizes&quot;:[]},&quot;cards_row_gap_mobile&quot;:{&quot;unit&quot;:&quot;px&quot;,&quot;size&quot;:&quot;&quot;,&quot;sizes&quot;:[]}}\" data-widget_type=\"posts.cards\">\n\t\t\t\t<div class=\"elementor-widget-container\">\n\t\t\t\t\t\t\t<div class=\"elementor-posts-container elementor-posts elementor-posts--skin-cards elementor-grid\" role=\"list\">\n\t\t\t\t<article class=\"elementor-post elementor-grid-item post-7007 prodotti type-prodotti status-publish has-post-thumbnail hentry categorie-prodotti-cargadoras-telescopicas categorie-prodotti-equipos-frontales categorie-prodotti-minicargadoras-giratorias categorie-prodotti-palas-cargadoras categorie-prodotti-pale\" role=\"listitem\">\n\t\t\t<div class=\"elementor-post__card\">\n\t\t\t\t<a class=\"elementor-post__thumbnail__link\" href=\"https:\/\/www.canginibenne.com\/es\/productos\/pinza-frontal-para-lena-wg-f\/\" tabindex=\"-1\" ><div class=\"elementor-post__thumbnail\"><img loading=\"lazy\" decoding=\"async\" width=\"500\" height=\"500\" src=\"https:\/\/b2763731.smushcdn.com\/2763731\/wp-content\/uploads\/2022\/02\/WGF_render_CAT24.png?lossy=1&strip=1&webp=1\" class=\"attachment-full size-full wp-image-4027\" alt=\"\" srcset=\"https:\/\/b2763731.smushcdn.com\/2763731\/wp-content\/uploads\/2022\/02\/WGF_render_CAT24.png?lossy=1&strip=1&webp=1 500w, https:\/\/b2763731.smushcdn.com\/2763731\/wp-content\/uploads\/2022\/02\/WGF_render_CAT24-300x300.png?lossy=1&strip=1&webp=1 300w, https:\/\/b2763731.smushcdn.com\/2763731\/wp-content\/uploads\/2022\/02\/WGF_render_CAT24-150x150.png?lossy=1&strip=1&webp=1 150w, https:\/\/b2763731.smushcdn.com\/2763731\/wp-content\/uploads\/2022\/02\/WGF_render_CAT24-500x500.png?size=409x409&lossy=1&strip=1&webp=1 409w\" sizes=\"auto, (max-width: 500px) 100vw, 500px\" \/><\/div><\/a>\n\t\t\t\t<div class=\"elementor-post__text\">\n\t\t\t\t<h3 class=\"elementor-post__title\">\n\t\t\t<a href=\"https:\/\/www.canginibenne.com\/es\/productos\/pinza-frontal-para-lena-wg-f\/\" >\n\t\t\t\tPINZA FRONTAL PARA LE\u00d1A WG-F\t\t\t<\/a>\n\t\t<\/h3>\n\t\t\n\t\t<a class=\"elementor-post__read-more\" href=\"https:\/\/www.canginibenne.com\/es\/productos\/pinza-frontal-para-lena-wg-f\/\" aria-label=\"M\u00e1s informaci\u00f3n sobre PINZA FRONTAL PARA LE\u00d1A WG-F\" tabindex=\"-1\" >\n\t\t\t+ Ver producto\t\t<\/a>\n\n\t\t\t\t<\/div>\n\t\t\t\t\t<\/div>\n\t\t<\/article>\n\t\t\t\t<article class=\"elementor-post elementor-grid-item post-7122 prodotti type-prodotti status-publish has-post-thumbnail hentry categorie-prodotti-cargadoras-telescopicas categorie-prodotti-equipos-frontales categorie-prodotti-palas-cargadoras categorie-prodotti-pale categorie-prodotti-retrocargadoras\" role=\"listitem\">\n\t\t\t<div class=\"elementor-post__card\">\n\t\t\t\t<a class=\"elementor-post__thumbnail__link\" href=\"https:\/\/www.canginibenne.com\/es\/productos\/cazo-multiscreening-twin-enganche-frontal-twin-f\/\" tabindex=\"-1\" ><div class=\"elementor-post__thumbnail\"><img loading=\"lazy\" decoding=\"async\" width=\"500\" height=\"500\" src=\"https:\/\/b2763731.smushcdn.com\/2763731\/wp-content\/uploads\/2022\/02\/TWIN_render.jpg?lossy=1&strip=1&webp=1\" class=\"attachment-full size-full wp-image-4147\" alt=\"\" srcset=\"https:\/\/b2763731.smushcdn.com\/2763731\/wp-content\/uploads\/2022\/02\/TWIN_render.jpg?lossy=1&strip=1&webp=1 500w, https:\/\/b2763731.smushcdn.com\/2763731\/wp-content\/uploads\/2022\/02\/TWIN_render-300x300.jpg?lossy=1&strip=1&webp=1 300w, https:\/\/b2763731.smushcdn.com\/2763731\/wp-content\/uploads\/2022\/02\/TWIN_render-150x150.jpg?lossy=1&strip=1&webp=1 150w, https:\/\/b2763731.smushcdn.com\/2763731\/wp-content\/uploads\/2022\/02\/TWIN_render-500x500.jpg?size=409x409&lossy=1&strip=1&webp=1 409w\" sizes=\"auto, (max-width: 500px) 100vw, 500px\" \/><\/div><\/a>\n\t\t\t\t<div class=\"elementor-post__text\">\n\t\t\t\t<h3 class=\"elementor-post__title\">\n\t\t\t<a href=\"https:\/\/www.canginibenne.com\/es\/productos\/cazo-multiscreening-twin-enganche-frontal-twin-f\/\" >\n\t\t\t\tCAZO MULTISCREENING TWIN \u2013 ENGANCHE FRONTAL TWIN-F\t\t\t<\/a>\n\t\t<\/h3>\n\t\t\n\t\t<a class=\"elementor-post__read-more\" href=\"https:\/\/www.canginibenne.com\/es\/productos\/cazo-multiscreening-twin-enganche-frontal-twin-f\/\" aria-label=\"M\u00e1s informaci\u00f3n sobre CAZO MULTISCREENING TWIN \u2013 ENGANCHE FRONTAL TWIN-F\" tabindex=\"-1\" >\n\t\t\t+ Ver producto\t\t<\/a>\n\n\t\t\t\t<\/div>\n\t\t\t\t\t<\/div>\n\t\t<\/article>\n\t\t\t\t<article class=\"elementor-post elementor-grid-item post-9101 prodotti type-prodotti status-publish has-post-thumbnail hentry categorie-prodotti-cargadoras-telescopicas categorie-prodotti-equipos-frontales categorie-prodotti-minicargadoras-giratorias categorie-prodotti-palas-cargadoras categorie-prodotti-pale categorie-prodotti-retrocargadoras categorie-prodotti-skid-steer-loaders\" role=\"listitem\">\n\t\t\t<div class=\"elementor-post__card\">\n\t\t\t\t<a class=\"elementor-post__thumbnail__link\" href=\"https:\/\/www.canginibenne.com\/es\/productos\/cazo-mezclador-descarga-segura\/\" tabindex=\"-1\" ><div class=\"elementor-post__thumbnail\"><img loading=\"lazy\" decoding=\"async\" width=\"500\" height=\"500\" src=\"https:\/\/b2763731.smushcdn.com\/2763731\/wp-content\/uploads\/2022\/02\/mixing-bucket-skid.png?lossy=1&strip=1&webp=1\" class=\"attachment-full size-full wp-image-4295\" alt=\"\" srcset=\"https:\/\/b2763731.smushcdn.com\/2763731\/wp-content\/uploads\/2022\/02\/mixing-bucket-skid.png?lossy=1&strip=1&webp=1 500w, https:\/\/b2763731.smushcdn.com\/2763731\/wp-content\/uploads\/2022\/02\/mixing-bucket-skid-300x300.png?lossy=1&strip=1&webp=1 300w, https:\/\/b2763731.smushcdn.com\/2763731\/wp-content\/uploads\/2022\/02\/mixing-bucket-skid-150x150.png?lossy=1&strip=1&webp=1 150w, https:\/\/b2763731.smushcdn.com\/2763731\/wp-content\/uploads\/2022\/02\/mixing-bucket-skid-500x500.png?size=409x409&lossy=1&strip=1&webp=1 409w\" sizes=\"auto, (max-width: 500px) 100vw, 500px\" \/><\/div><\/a>\n\t\t\t\t<div class=\"elementor-post__text\">\n\t\t\t\t<h3 class=\"elementor-post__title\">\n\t\t\t<a href=\"https:\/\/www.canginibenne.com\/es\/productos\/cazo-mezclador-descarga-segura\/\" >\n\t\t\t\tCAZO MEZCLADOR DESCARGA SEGURA\t\t\t<\/a>\n\t\t<\/h3>\n\t\t\n\t\t<a class=\"elementor-post__read-more\" href=\"https:\/\/www.canginibenne.com\/es\/productos\/cazo-mezclador-descarga-segura\/\" aria-label=\"M\u00e1s informaci\u00f3n sobre CAZO MEZCLADOR DESCARGA SEGURA\" tabindex=\"-1\" >\n\t\t\t+ Ver producto\t\t<\/a>\n\n\t\t\t\t<\/div>\n\t\t\t\t\t<\/div>\n\t\t<\/article>\n\t\t\t\t<article class=\"elementor-post elementor-grid-item post-9547 prodotti type-prodotti status-publish has-post-thumbnail hentry categorie-prodotti-cargadoras-telescopicas categorie-prodotti-chargeuses-compactes categorie-prodotti-equipos-frontales categorie-prodotti-minicargadoras-giratorias categorie-prodotti-palas-cargadoras categorie-prodotti-pale categorie-prodotti-retrocargadoras\" role=\"listitem\">\n\t\t\t<div class=\"elementor-post__card\">\n\t\t\t\t<a class=\"elementor-post__thumbnail__link\" href=\"https:\/\/www.canginibenne.com\/es\/productos\/barredora-easy-sweepy-s\/\" tabindex=\"-1\" ><div class=\"elementor-post__thumbnail\"><img loading=\"lazy\" decoding=\"async\" width=\"500\" height=\"500\" src=\"https:\/\/b2763731.smushcdn.com\/2763731\/wp-content\/uploads\/2022\/03\/Nuova-Spazzatrice-Easy-Sweepy.png?lossy=1&strip=1&webp=1\" class=\"attachment-full size-full wp-image-4399\" alt=\"\" srcset=\"https:\/\/b2763731.smushcdn.com\/2763731\/wp-content\/uploads\/2022\/03\/Nuova-Spazzatrice-Easy-Sweepy.png?lossy=1&strip=1&webp=1 500w, https:\/\/b2763731.smushcdn.com\/2763731\/wp-content\/uploads\/2022\/03\/Nuova-Spazzatrice-Easy-Sweepy-300x300.png?lossy=1&strip=1&webp=1 300w, https:\/\/b2763731.smushcdn.com\/2763731\/wp-content\/uploads\/2022\/03\/Nuova-Spazzatrice-Easy-Sweepy-150x150.png?lossy=1&strip=1&webp=1 150w, https:\/\/b2763731.smushcdn.com\/2763731\/wp-content\/uploads\/2022\/03\/Nuova-Spazzatrice-Easy-Sweepy-500x500.png?size=409x409&lossy=1&strip=1&webp=1 409w\" sizes=\"auto, (max-width: 500px) 100vw, 500px\" \/><\/div><\/a>\n\t\t\t\t<div class=\"elementor-post__text\">\n\t\t\t\t<h3 class=\"elementor-post__title\">\n\t\t\t<a href=\"https:\/\/www.canginibenne.com\/es\/productos\/barredora-easy-sweepy-s\/\" >\n\t\t\t\tBARREDORA EASY SWEEPY S\t\t\t<\/a>\n\t\t<\/h3>\n\t\t\n\t\t<a class=\"elementor-post__read-more\" href=\"https:\/\/www.canginibenne.com\/es\/productos\/barredora-easy-sweepy-s\/\" aria-label=\"M\u00e1s informaci\u00f3n sobre BARREDORA EASY SWEEPY S\" tabindex=\"-1\" >\n\t\t\t+ Ver producto\t\t<\/a>\n\n\t\t\t\t<\/div>\n\t\t\t\t\t<\/div>\n\t\t<\/article>\n\t\t\t\t<\/div>\n\t\t\n\t\t\t\t\t\t<\/div>\n\t\t\t\t<\/div>\n\t\t\t\t\t<\/div>\n\t\t<\/div>\n\t\t\t\t\t<\/div>\n\t\t<\/section>\n\t\t\t\t<\/div>\n\t\t","protected":false},"excerpt":{"rendered":"","protected":false},"author":1,"featured_media":0,"parent":0,"menu_order":0,"comment_status":"closed","ping_status":"closed","template":"","meta":{"_acf_changed":false,"footnotes":""},"class_list":["post-15289","page","type-page","status-publish","hentry"],"acf":[],"_links":{"self":[{"href":"https:\/\/www.canginibenne.com\/es\/wp-json\/wp\/v2\/pages\/15289","targetHints":{"allow":["GET"]}}],"collection":[{"href":"https:\/\/www.canginibenne.com\/es\/wp-json\/wp\/v2\/pages"}],"about":[{"href":"https:\/\/www.canginibenne.com\/es\/wp-json\/wp\/v2\/types\/page"}],"author":[{"embeddable":true,"href":"https:\/\/www.canginibenne.com\/es\/wp-json\/wp\/v2\/users\/1"}],"replies":[{"embeddable":true,"href":"https:\/\/www.canginibenne.com\/es\/wp-json\/wp\/v2\/comments?post=15289"}],"version-history":[{"count":0,"href":"https:\/\/www.canginibenne.com\/es\/wp-json\/wp\/v2\/pages\/15289\/revisions"}],"wp:attachment":[{"href":"https:\/\/www.canginibenne.com\/es\/wp-json\/wp\/v2\/media?parent=15289"}],"curies":[{"name":"wp","href":"https:\/\/api.w.org\/{rel}","templated":true}]}}