{"id":16220,"date":"2022-05-30T17:22:38","date_gmt":"2022-05-30T15:22:38","guid":{"rendered":"https:\/\/www.canginibenne.com\/privacy-newsletter\/"},"modified":"2022-10-10T16:30:16","modified_gmt":"2022-10-10T14:30:16","slug":"privacy-newsletter","status":"publish","type":"page","link":"https:\/\/www.canginibenne.com\/de\/privacy-newsletter\/","title":{"rendered":"Privacy Newsletter"},"content":{"rendered":"\t\t<div data-elementor-type=\"wp-page\" data-elementor-id=\"16220\" class=\"elementor elementor-16220 elementor-15400\" data-elementor-post-type=\"page\">\n\t\t\t\t\t\t<section class=\"elementor-section elementor-top-section elementor-element elementor-element-dbcaa32 elementor-section-stretched elementor-section-boxed elementor-section-height-default elementor-section-height-default\" data-id=\"dbcaa32\" data-element_type=\"section\" data-e-type=\"section\" data-settings=\"{&quot;stretch_section&quot;:&quot;section-stretched&quot;}\">\n\t\t\t\t\t\t<div class=\"elementor-container elementor-column-gap-default\">\n\t\t\t\t\t<div class=\"elementor-column elementor-col-100 elementor-top-column elementor-element elementor-element-dd0d04f\" data-id=\"dd0d04f\" data-element_type=\"column\" data-e-type=\"column\">\n\t\t\t<div class=\"elementor-widget-wrap elementor-element-populated\">\n\t\t\t\t\t\t<div class=\"elementor-element elementor-element-f937f1f elementor-widget elementor-widget-text-editor\" data-id=\"f937f1f\" data-element_type=\"widget\" data-e-type=\"widget\" data-widget_type=\"text-editor.default\">\n\t\t\t\t<div class=\"elementor-widget-container\">\n\t\t\t\t\t\t\t\t\t<p class=\"p1\"><b>DATENSCHUTZERKL\u00c4RUNG \u2013<\/b> <span class=\"s2\"><b>www.canginibenne.com<\/b><\/span><span class=\"s1\"><span class=\"Apple-converted-space\">\u00a0<\/span><\/span><\/p><p class=\"p2\"><span class=\"Apple-converted-space\">\u00a0<\/span><\/p><p class=\"p3\"><b>FORM \u201cNEWSLETTER\u201d<span class=\"Apple-converted-space\">\u00a0<\/span><\/b><\/p><p class=\"p4\"><b><span class=\"Apple-converted-space\">\u00a0<\/span><\/b><\/p><p class=\"p5\">Geehrte Nutzerinnen und Nutzer, gem\u00e4\u00df Art. 13, Abs. 1 der europ\u00e4ischen Datenschutz-Grundverordnung (DSGVO) m\u00fcssen Sie im Falle der direkten Sammlung Ihrer Daten als Betroffene \u00fcber die Grundlagen der Verarbeitung Ihrer Daten laut \u00a7 1,<span class=\"Apple-converted-space\">\u00a0 <\/span>lit. a\/f informiert werden. In diesem Sinne informieren wir Sie wie folgt:<span class=\"Apple-converted-space\">\u00a0<\/span><\/p><p class=\"p6\"><span class=\"Apple-converted-space\">\u00a0<\/span><\/p><p class=\"p7\"><span class=\"Apple-converted-space\">\u00a0<\/span><\/p><p class=\"p8\"><b>INHABER DER DATENVERARBEITUNGSRECHTE<span class=\"Apple-converted-space\">\u00a0<\/span><\/b><\/p><p class=\"p5\">Inhaber der Datenverarbeitungsrechte ist die Firma <b>CANGINI BENNE S.R.L.<\/b>, mit Sitz in Sarsina in der Via Savio 29\/31 PEC (zertifizierte E-Mai-Adresse):<span class=\"s2\"> info@pec.canginibenne.com<\/span> E-MAIL: <span class=\"s2\">privacy@canginibenne.com<\/span> TEL.: 0547698020 FAX: 054794363<\/p><p class=\"p10\"><b>DATENKATEGORIEN<span class=\"Apple-converted-space\">\u00a0<\/span><\/b><\/p><p class=\"p5\">Gegenstand der Verarbeitung k\u00f6nnen Ihre personenbezogenen Daten wie Identifikationsdaten und Kontaktdaten sein.<span class=\"Apple-converted-space\">\u00a0<\/span><\/p><p class=\"p9\"><b><span class=\"Apple-converted-space\">\u00a0<\/span><\/b><\/p><p class=\"p10\"><b>QUELLE DER PERSONENBEZOGENEN DATEN<span class=\"Apple-converted-space\">\u00a0<\/span><\/b><\/p><p class=\"p11\">Die im Besitz des Inhabers befindlichen personenbezogenen Daten werden direkt bei den Betroffenen gesammelt.<span class=\"Apple-converted-space\">\u00a0<\/span><\/p><p class=\"p10\"><b>ART DER DATENVERARBEITUNG<\/b><span class=\"Apple-converted-space\">\u00a0<\/span><\/p><p class=\"p11\">Die von Ihnen bereitgestellten personenbezogenen Daten werden von uns unter Einhaltung aller Auflagen der o. a. DSGVO und unserer firmeninternen Vertraulichkeitsstandards verarbeitet. Diese Verarbeitung erfolgt sowohl auf Papier als auch allen anderen zweckgeeigneten Datentr\u00e4gern und in jedem Fall so, dass alle von der DSGVO vorgegebenen Sicherheitsvorgaben eingehalten werden. <span class=\"Apple-converted-space\">\u00a0<\/span><\/p><p class=\"p9\"><span class=\"Apple-converted-space\">\u00a0<\/span><\/p><p class=\"p13\"><span class=\"s3\"><b><span class=\"Apple-converted-space\">\u00a0<\/span><\/b><\/span><b>ZWECKE UND RECHTSGRUNDLAGEN DER DATENVERARBEITUNG<\/b><span class=\"Apple-converted-space\">\u00a0<\/span><\/p><p class=\"p14\">Rechtsgrundlage der Verarbeitung Ihrer von uns an Hand des von Ihnen ausgef\u00fcllten Formulars erhobenen und aufbewahrten Daten ist Ihre Zustimmung, und Zweck ist die Abonnierung an die Newsletter von Cangini Benne s.r.l. <span class=\"Apple-converted-space\">\u00a0<\/span><\/p><p class=\"p9\"><span class=\"Apple-converted-space\">\u00a0<\/span><\/p><p class=\"p10\"><b>EMPF\u00c4NGER DER DATEN<span class=\"Apple-converted-space\">\u00a0<\/span><\/b><\/p><p class=\"p11\">Im Rahmen der o. a. Verarbeitungszwecke k\u00f6nnten Ihre Daten an Empf\u00e4nger weitergegeben werden, die vom Inhaber der Verarbeitungsrechte zu Verantwortlichen ernannt wurden (die Liste dieser Verantwortlichen k\u00f6nnen Sie beim Inhaber der Verarbeitungsrechte anfordern). Verarbeitet werden Ihre erhobenen personenbezogenen Daten auch vom Personal der Firma <b>CANGINI BENNE<\/b> <b>S.R.L<\/b> nach spezifischen Vorgaben f\u00fcr die Datenverarbeitung f\u00fcr bestimmte Aufgaben und Funktionen, welche die Unterfertigung spezifischer Vertraulichkeitsverpflichtungen erfordert. Ihre Daten werden in keiner Weise weiter verbreitet. <span class=\"Apple-converted-space\">\u00a0<\/span><\/p><p class=\"p9\"><b><span class=\"Apple-converted-space\">\u00a0<\/span><\/b><\/p><p class=\"p10\"><b>DATEN\u00dcBERMITTLUNG AN DRITTL\u00c4NDER<span class=\"Apple-converted-space\">\u00a0<\/span><\/b><\/p><p class=\"p11\">Derzeit ist keine \u00dcbertragung Ihrer Daten in Drittl\u00e4nder vorgesehen. Sollte dies erforderlich werden, dann nur unter Einhaltung der anwendbaren gesetzlichen Bestimmungen nach vorheriger Unterzeichnung der von der Europ\u00e4ischen Kommission vorgesehenen Standard-Vertragsklauseln und allf\u00e4lliger Benachrichtigung der Betroffenen<\/p><p class=\"p9\"><span class=\"Apple-converted-space\">\u00a0<\/span><\/p><p class=\"p10\"><b>DAUER DER AUFBEWAHRUNG<span class=\"Apple-converted-space\">\u00a0<\/span><\/b><\/p><p class=\"p5\">Auf der Grundlage des Prinzips der zeitlichen Beschr\u00e4nkung der Aufbewahrung der Daten (Art.5 der DSGVO, Speicherbegrenzung) werden die Daten nur solange als f\u00fcr die Zwecke, f\u00fcr die sie gesammelt wurden, unbedingt notwendig oder gesetzlich erforderlich aufbewahrt<span class=\"Apple-converted-space\">\u00a0 <\/span>und regelm\u00e4\u00dfig auf ihre Obsoleszenz im Hinblick auf die Zwecke, f\u00fcr die sie erhoben wurden, \u00fcberpr\u00fcft. Sie k\u00f6nnen sich mit der am Ende des Ihnen zugesandten Newsletters vorgesehenen Option jederzeit von der Zusendung abmelden.<span class=\"Apple-converted-space\">\u00a0<\/span><\/p><p class=\"p16\"><span class=\"Apple-converted-space\">\u00a0<\/span><\/p><p class=\"p9\"><span class=\"Apple-converted-space\">\u00a0<\/span><\/p><p class=\"p10\"><b>RECHTE DER BETROFFENEN<span class=\"Apple-converted-space\">\u00a0<\/span><\/b><\/p><p class=\"p11\">Sie haben das Recht auf <b>Zugriff<\/b> auf Ihre personenbezogenen Daten, auf deren <b>Berichtigung<\/b>, deren <b>L\u00f6schung<\/b>, die <b>Beschr\u00e4nkung <\/b>der Verarbeitung, auf <i>Einspruch<\/i> gegen die Verarbeitung, auf die <b>\u00dcbertragbarkeit <\/b>Ihrer Daten, und k\u00f6nnen Ihre Zustimmung zur Verarbeitung sowie alle anderen von der DSGVO vorgesehenen Rechte jederzeit durch eine einfache Mitteilung an den Inhaber der Verarbeitungsrechte einfordern. Sie haben das Recht, bei einer Aufsichtsbeh\u00f6rde eine Beschwerde vorzubringen.<\/p><p class=\"p9\"><span class=\"Apple-converted-space\">\u00a0<\/span><\/p><p class=\"p10\"><b>IST DIE \u00dcBERLASSUNG DER DATEN OBLIGATORISCH ODER NICHT?<span class=\"Apple-converted-space\">\u00a0<\/span><\/b><\/p><p class=\"p5\">Um unseren Newsletter erhalten zu k\u00f6nnen, ben\u00f6tigen wir Ihre Daten unbedingt. Sollten Sie uns Ihre Daten nicht zur Verf\u00fcgung stellen, k\u00f6nnen wir diese Dienstleistung leider nicht erbringen.<span class=\"Apple-converted-space\">\u00a0<\/span><\/p>\t\t\t\t\t\t\t\t<\/div>\n\t\t\t\t<\/div>\n\t\t\t\t\t<\/div>\n\t\t<\/div>\n\t\t\t\t\t<\/div>\n\t\t<\/section>\n\t\t\t\t<\/div>\n\t\t","protected":false},"excerpt":{"rendered":"<p>DATENSCHUTZERKL\u00c4RUNG \u2013 www.canginibenne.com\u00a0 \u00a0 FORM \u201cNEWSLETTER\u201d\u00a0 \u00a0 Geehrte Nutzerinnen und Nutzer, gem\u00e4\u00df Art. 13, Abs. 1 der europ\u00e4ischen Datenschutz-Grundverordnung (DSGVO) m\u00fcssen Sie im Falle der direkten Sammlung Ihrer Daten als Betroffene \u00fcber die Grundlagen der Verarbeitung Ihrer Daten laut \u00a7 1,\u00a0 lit. a\/f informiert werden. In diesem Sinne informieren wir Sie wie folgt:\u00a0 \u00a0 \u00a0 [&hellip;]<\/p>\n","protected":false},"author":1,"featured_media":0,"parent":0,"menu_order":0,"comment_status":"closed","ping_status":"closed","template":"","meta":{"_acf_changed":false,"footnotes":""},"class_list":["post-16220","page","type-page","status-publish","hentry"],"acf":[],"_links":{"self":[{"href":"https:\/\/www.canginibenne.com\/de\/wp-json\/wp\/v2\/pages\/16220","targetHints":{"allow":["GET"]}}],"collection":[{"href":"https:\/\/www.canginibenne.com\/de\/wp-json\/wp\/v2\/pages"}],"about":[{"href":"https:\/\/www.canginibenne.com\/de\/wp-json\/wp\/v2\/types\/page"}],"author":[{"embeddable":true,"href":"https:\/\/www.canginibenne.com\/de\/wp-json\/wp\/v2\/users\/1"}],"replies":[{"embeddable":true,"href":"https:\/\/www.canginibenne.com\/de\/wp-json\/wp\/v2\/comments?post=16220"}],"version-history":[{"count":0,"href":"https:\/\/www.canginibenne.com\/de\/wp-json\/wp\/v2\/pages\/16220\/revisions"}],"wp:attachment":[{"href":"https:\/\/www.canginibenne.com\/de\/wp-json\/wp\/v2\/media?parent=16220"}],"curies":[{"name":"wp","href":"https:\/\/api.w.org\/{rel}","templated":true}]}}